{"id":76,"date":"2020-03-24T12:15:44","date_gmt":"2020-03-24T12:15:44","guid":{"rendered":"https:\/\/shop-braunwein.de\/?page_id=76"},"modified":"2020-03-24T12:15:45","modified_gmt":"2020-03-24T12:15:45","slug":"lieferung-zahlung","status":"publish","type":"page","link":"https:\/\/shop-braunwein.de\/?page_id=76","title":{"rendered":"Lieferung &#038; Zahlung"},"content":{"rendered":"<p><!-- IBGHTML --><\/p>\n<header class=\"entry-header\">\n<h1 class=\"entry-title\">Lieferung und Zahlung<\/h1>\n<\/header>\n<div class=\"entry-content\">\n<p><font face=\"Arial\"><font face=\"AlverataIrregularSb\" size=\"5\"><strong><font color=\"#ff0000\"><br \/><\/font><\/strong><\/font><br \/>Der Versand erfolgt auf Rechnung&nbsp;K\u00e4ufers in 6er, 12er oder 18er Kartons.<\/font><\/p>\n<p><font face=\"Arial\"><\/p>\n<p>Besch\u00e4digungen&nbsp;m\u00fcssen sofort beim Paketdienst bzw. Spediteur angezeigt werden.<\/p>\n<p>Versandkosten:<\/p>\n<p>Die Frachtkosten betragen bis zu 18 Flaschen&nbsp;8,\u2013 \u20ac Euro. <br \/>ab&nbsp;18 Flaschen ist der Versand frei<\/p>\n<p>Das Angebot ist freibleibend.<\/p>\n<p>Bankverbindung:<br \/>Raiffeisenbank Volkacher Mainschleife | DE96 7906 9001 0001 8271 11<\/p>\n<p><\/font><\/div>\n","protected":false},"excerpt":{"rendered":"<p>Lieferung und Zahlung Der Versand erfolgt auf Rechnung&nbsp;K\u00e4ufers in 6er, 12er oder 18er Kartons. Besch\u00e4digungen&nbsp;m\u00fcssen sofort beim Paketdienst bzw. Spediteur angezeigt werden. Versandkosten: Die Frachtkosten betragen bis zu 18 Flaschen&nbsp;8,\u2013 \u20ac Euro. ab&nbsp;18 Flaschen ist der Versand frei Das Angebot ist freibleibend. Bankverbindung:Raiffeisenbank Volkacher Mainschleife | DE96 7906 9001 0001 8271 11<\/p>\n","protected":false},"author":345,"featured_media":0,"parent":0,"menu_order":0,"comment_status":"closed","ping_status":"closed","template":"","meta":{"footnotes":""},"class_list":["post-76","page","type-page","status-publish","hentry"],"_links":{"self":[{"href":"https:\/\/shop-braunwein.de\/index.php?rest_route=\/wp\/v2\/pages\/76","targetHints":{"allow":["GET"]}}],"collection":[{"href":"https:\/\/shop-braunwein.de\/index.php?rest_route=\/wp\/v2\/pages"}],"about":[{"href":"https:\/\/shop-braunwein.de\/index.php?rest_route=\/wp\/v2\/types\/page"}],"author":[{"embeddable":true,"href":"https:\/\/shop-braunwein.de\/index.php?rest_route=\/wp\/v2\/users\/345"}],"replies":[{"embeddable":true,"href":"https:\/\/shop-braunwein.de\/index.php?rest_route=%2Fwp%2Fv2%2Fcomments&post=76"}],"version-history":[{"count":1,"href":"https:\/\/shop-braunwein.de\/index.php?rest_route=\/wp\/v2\/pages\/76\/revisions"}],"predecessor-version":[{"id":77,"href":"https:\/\/shop-braunwein.de\/index.php?rest_route=\/wp\/v2\/pages\/76\/revisions\/77"}],"wp:attachment":[{"href":"https:\/\/shop-braunwein.de\/index.php?rest_route=%2Fwp%2Fv2%2Fmedia&parent=76"}],"curies":[{"name":"wp","href":"https:\/\/api.w.org\/{rel}","templated":true}]}}