{"id":36548,"date":"2022-06-29T06:57:18","date_gmt":"2022-06-29T06:57:18","guid":{"rendered":"https:\/\/shop-braunwein.de\/produkt\/artikel-nr-w112020er-sommeracher-rosenberg-weissburgunder-qualitaetswein-trocken-075l\/"},"modified":"2025-06-19T14:50:48","modified_gmt":"2025-06-19T14:50:48","slug":"artikel-nr-w112020er-sommeracher-rosenberg-weissburgunder-struktur","status":"publish","type":"product","link":"https:\/\/shop-braunwein.de\/?product=artikel-nr-w112020er-sommeracher-rosenberg-weissburgunder-struktur","title":{"rendered":"<br>Artikel-Nr.: W11<br>2020er Sommeracher Rosenberg Weissburgunder &#8211; Struktur<br>"},"content":{"rendered":"<p><!-- IBGHTML --><span style='font-size: 12pt;font-weight: normal'>Ganz feine W\u00fcrze in derNase, begleitet von fruchtigen Ankl\u00e4ngen nach Sommerapfel, auch laktische Notenvon Molke schwingen mit, am Gaumen pr\u00e4sentiert er sich mit harmonischer S\u00e4ureund sch\u00f6nem Grip, ein phenolische Komponente sorgt f\u00fcr &#8222;Struktur&#8220;<\/span><\/p>\n<table WIDTH=\"60%\" BORDER=\"0\" align=\"left\" CELLPADDING=\"0\" CELLSPACING=\"0\"><\/p>\n<tr>\n<td width=\"53%\">Artikelnummer:<\/td>\n<td width=\"47%\"><strong>W11<\/strong><\/td>\n<\/tr>\n<p><\/p>\n<tr>\n<td>Inhalt<\/td>\n<td><strong>0,75 Ltr.<\/strong><\/td>\n<\/tr>\n<p><\/p>\n<tr>\n<td>Preis\/Ltr.<\/td>\n<td><strong>11,87 EUR pro Ltr.<\/strong><\/td>\n<\/tr>\n<p><\/p>\n<tr>\n<td>Weinart:<\/td>\n<td><strong>Wei\u00dfwein<\/strong><\/td>\n<\/tr>\n<p><\/p>\n<tr>\n<td>Qualit&auml;tsstufe<\/td>\n<td><strong>Qualit\u00e4tswein<\/strong><\/td>\n<\/tr>\n<p><\/p>\n<tr>\n<td>Rebsorte<\/td>\n<td><strong>Weissburgunder<\/strong><\/td>\n<\/tr>\n<p><\/p>\n<tr>\n<td>Restzuckergehalt<\/td>\n<td><strong>7,1 g\/Ltr.<\/strong><\/td>\n<\/tr>\n<p><\/p>\n<tr>\n<td>Alkoholgehalt<\/td>\n<td><strong>13,5 Vol. %<\/strong><\/td>\n<\/tr>\n<p><\/p>\n<tr>\n<td>vegan:<\/td>\n<td><strong>@o<\/strong><\/td>\n<\/tr>\n<p><\/p>\n<tr>\n<td>enth\u00e4lt Allergene:<\/td>\n<td><strong>Sulfite<\/strong><\/td>\n<\/tr>\n<p><\/table>\n","protected":false},"excerpt":{"rendered":"<p>Ganz feine W\u00fcrze in derNase, begleitet von fruchtigen Ankl\u00e4ngen nach Sommerapfel, auch laktische Notenvon Molke schwingen mit, am Gaumen pr\u00e4sentiert er sich mit harmonischer S\u00e4ureund sch\u00f6nem Grip, ein phenolische Komponente sorgt f\u00fcr &#8222;Struktur&#8220; Artikelnummer: W11 Inhalt 0,75 Ltr. Preis\/Ltr. 11,87 EUR pro Ltr. Weinart: Wei\u00dfwein Qualit&auml;tsstufe Qualit\u00e4tswein Rebsorte Weissburgunder Restzuckergehalt 7,1 g\/Ltr. Alkoholgehalt 13,5 Vol. [&hellip;]<\/p>\n","protected":false},"featured_media":36536,"template":"","meta":[],"product_brand":[],"product_cat":[3617,3618],"product_tag":[],"class_list":{"0":"post-36548","1":"product","2":"type-product","3":"status-publish","4":"has-post-thumbnail","6":"product_cat-vielfalt","7":"product_cat-weissweine","9":"first","10":"instock","11":"shipping-taxable","12":"purchasable","13":"product-type-simple"},"_links":{"self":[{"href":"https:\/\/shop-braunwein.de\/index.php?rest_route=\/wp\/v2\/product\/36548","targetHints":{"allow":["GET"]}}],"collection":[{"href":"https:\/\/shop-braunwein.de\/index.php?rest_route=\/wp\/v2\/product"}],"about":[{"href":"https:\/\/shop-braunwein.de\/index.php?rest_route=\/wp\/v2\/types\/product"}],"wp:featuredmedia":[{"embeddable":true,"href":"https:\/\/shop-braunwein.de\/index.php?rest_route=\/wp\/v2\/media\/36536"}],"wp:attachment":[{"href":"https:\/\/shop-braunwein.de\/index.php?rest_route=%2Fwp%2Fv2%2Fmedia&parent=36548"}],"wp:term":[{"taxonomy":"product_brand","embeddable":true,"href":"https:\/\/shop-braunwein.de\/index.php?rest_route=%2Fwp%2Fv2%2Fproduct_brand&post=36548"},{"taxonomy":"product_cat","embeddable":true,"href":"https:\/\/shop-braunwein.de\/index.php?rest_route=%2Fwp%2Fv2%2Fproduct_cat&post=36548"},{"taxonomy":"product_tag","embeddable":true,"href":"https:\/\/shop-braunwein.de\/index.php?rest_route=%2Fwp%2Fv2%2Fproduct_tag&post=36548"}],"curies":[{"name":"wp","href":"https:\/\/api.w.org\/{rel}","templated":true}]}}