{"id":36578,"date":"2022-06-29T06:57:51","date_gmt":"2022-06-29T06:57:51","guid":{"rendered":"https:\/\/shop-braunwein.de\/produkt\/artikel-nr-sp52018er-nordheimer-voegelein-spaetburgunder-spaetlese-trocken-075l\/"},"modified":"2025-06-19T14:50:55","modified_gmt":"2025-06-19T14:50:55","slug":"artikel-nr-ss52018er-nordheimer-voegelein-spaetburgunder-spaetlese-trocken-075l","status":"publish","type":"product","link":"https:\/\/shop-braunwein.de\/?product=artikel-nr-ss52018er-nordheimer-voegelein-spaetburgunder-spaetlese-trocken-075l","title":{"rendered":"<br>Artikel-Nr.: SS5<br>2018er Nordheimer V\u00f6gelein Sp\u00e4tburgunder Sp\u00e4tlese  trocken 0,75l<br>"},"content":{"rendered":"<p><!-- IBGHTML --><\/p>\n<p><span style='text-align: left;text-transform: none;text-indent: 0px;letter-spacing: normal;font-family: \"Roboto\",sans-serif;font-size: 18px;font-style: normal;font-variant: normal;font-weight: 400;text-decoration: none;float: none'><span style='font-size: 12pt;font-weight: normal'><font color=\"#000000\" face=\"Times New Roman\">Falls die Johannisbeereeine Seele hat, dann ist sie in diesem Wein. Superfruchtige, duftintensive Nase,auch feine Gew\u00fcrzankl\u00e4nge und balsamische T\u00f6ne melden sich zu Wort, am Gaumenelegant mit seidigem Tannin.<\/font><\/span><\/span><\/p>\n<p><\/p>\n<table WIDTH=\"60%\" BORDER=\"0\" align=\"left\" CELLPADDING=\"0\" CELLSPACING=\"0\"><\/p>\n<tr>\n<td width=\"53%\">Artikelnummer:<\/td>\n<td width=\"47%\"><strong>SS5<\/strong><\/td>\n<\/tr>\n<p><\/p>\n<tr>\n<td>Inhalt<\/td>\n<td><strong>0,75 Ltr.<\/strong><\/td>\n<\/tr>\n<p><\/p>\n<tr>\n<td>Preis\/Ltr.<\/td>\n<td><strong>9,33 EUR pro Ltr.<\/strong><\/td>\n<\/tr>\n<p><\/p>\n<tr>\n<td>Weinart:<\/td>\n<td><strong>Rotwein<\/strong><\/td>\n<\/tr>\n<p><\/p>\n<tr>\n<td>Qualit&auml;tsstufe<\/td>\n<td><strong>Sp\u00e4tlese<\/strong><\/td>\n<\/tr>\n<p><\/p>\n<tr>\n<td>Rebsorte<\/td>\n<td><strong>Sp\u00e4tburgunder<\/strong><\/td>\n<\/tr>\n<p><\/p>\n<tr>\n<td>Restzuckergehalt<\/td>\n<td><strong>5,5 g\/Ltr.<\/strong><\/td>\n<\/tr>\n<p><\/p>\n<tr>\n<td>Alkoholgehalt<\/td>\n<td><strong>12,0 Vol. %<\/strong><\/td>\n<\/tr>\n<p><\/p>\n<tr>\n<td>vegan:<\/td>\n<td><strong>@o<\/strong><\/td>\n<\/tr>\n<p><\/p>\n<tr>\n<td>enth\u00e4lt Allergene:<\/td>\n<td><strong>Sulfite<\/strong><\/td>\n<\/tr>\n<p><\/table>\n","protected":false},"excerpt":{"rendered":"<p>Falls die Johannisbeereeine Seele hat, dann ist sie in diesem Wein. Superfruchtige, duftintensive Nase,auch feine Gew\u00fcrzankl\u00e4nge und balsamische T\u00f6ne melden sich zu Wort, am Gaumenelegant mit seidigem Tannin. Artikelnummer: SS5 Inhalt 0,75 Ltr. Preis\/Ltr. 9,33 EUR pro Ltr. Weinart: Rotwein Qualit&auml;tsstufe Sp\u00e4tlese Rebsorte Sp\u00e4tburgunder Restzuckergehalt 5,5 g\/Ltr. Alkoholgehalt 12,0 Vol. % vegan: @o enth\u00e4lt Allergene: [&hellip;]<\/p>\n","protected":false},"featured_media":36528,"template":"","meta":[],"product_brand":[],"product_cat":[3624,3623],"product_tag":[],"class_list":{"0":"post-36578","1":"product","2":"type-product","3":"status-publish","4":"has-post-thumbnail","6":"product_cat-rotweine","7":"product_cat-trockene-rotweine","9":"first","10":"instock","11":"shipping-taxable","12":"purchasable","13":"product-type-simple"},"_links":{"self":[{"href":"https:\/\/shop-braunwein.de\/index.php?rest_route=\/wp\/v2\/product\/36578","targetHints":{"allow":["GET"]}}],"collection":[{"href":"https:\/\/shop-braunwein.de\/index.php?rest_route=\/wp\/v2\/product"}],"about":[{"href":"https:\/\/shop-braunwein.de\/index.php?rest_route=\/wp\/v2\/types\/product"}],"wp:featuredmedia":[{"embeddable":true,"href":"https:\/\/shop-braunwein.de\/index.php?rest_route=\/wp\/v2\/media\/36528"}],"wp:attachment":[{"href":"https:\/\/shop-braunwein.de\/index.php?rest_route=%2Fwp%2Fv2%2Fmedia&parent=36578"}],"wp:term":[{"taxonomy":"product_brand","embeddable":true,"href":"https:\/\/shop-braunwein.de\/index.php?rest_route=%2Fwp%2Fv2%2Fproduct_brand&post=36578"},{"taxonomy":"product_cat","embeddable":true,"href":"https:\/\/shop-braunwein.de\/index.php?rest_route=%2Fwp%2Fv2%2Fproduct_cat&post=36578"},{"taxonomy":"product_tag","embeddable":true,"href":"https:\/\/shop-braunwein.de\/index.php?rest_route=%2Fwp%2Fv2%2Fproduct_tag&post=36578"}],"curies":[{"name":"wp","href":"https:\/\/api.w.org\/{rel}","templated":true}]}}