{"id":36600,"date":"2022-06-29T06:58:11","date_gmt":"2022-06-29T06:58:11","guid":{"rendered":"https:\/\/shop-braunwein.de\/produkt\/wein-abo-paket-1\/"},"modified":"2025-06-19T14:51:31","modified_gmt":"2025-06-19T14:51:31","slug":"wein-abo-paket-1","status":"publish","type":"product","link":"https:\/\/shop-braunwein.de\/?product=wein-abo-paket-1","title":{"rendered":"<br>Wein-Abo Paket 1<br>"},"content":{"rendered":"\n<div align=\"left\"><font size=\"2\"><\/p>\n<p>        <font><!-- IBGHTML --><font size=\"5\">Ein ganzes Jahr lang Freude schenken &#8211; <br \/>f\u00fcr sich selbst oder andere<\/font><\/p>\n<p>Paket 1<br \/>3 Flaschen Wein pro Quartal<\/p>\n<p>Du bist dir nicht sicher, welcher Wein zu dir passt<br \/>und welcher Wein deinen Geschmack trifft?<br \/>Du m\u00f6chtest verschiedene Weine zu Hause in Ruhe<br \/>probieren und genie\u00dfen?<br \/>Du m\u00f6chtest anderen eine Freude bereiten?<br \/>Mit unserem Weinabonnement hast du die Chance,<br \/>tolle neue Weine zu entdecken!<br \/>Genie\u00dfe spannende Weine in 4 jahreszeittypischen<br \/>Weinpaketen (eine Lieferung pro Quartal!), best\u00fcckt<br \/>mit 3 oder 6 verschiedenen Weinen aus unserem<br \/>aktuellen Sortiment und lass&#8216; dich von uns<br \/>\u00fcberraschen mit Weinen zur Fr\u00fchjahrs- und Spargel-<br \/>saison, zur Grillparty und lauen Sommerabenden<br \/>oder an kalten Tagen bei Kerzenschein!<br \/>Zu jedem Paket gibt es Wissenswertes rund um<br \/>das Thema Wein.<br \/><\/font><\/p>\n<p><\/font><\/div>\n<table WIDTH=\"60%\" BORDER=\"0\" align=\"left\" CELLPADDING=\"0\" CELLSPACING=\"0\"><\/p>\n<tr>\n<\/table>\n","protected":false},"excerpt":{"rendered":"<p>Ein ganzes Jahr lang Freude schenken &#8211; f\u00fcr sich selbst oder andere Paket 13 Flaschen Wein pro Quartal Du bist dir nicht sicher, welcher Wein zu dir passtund welcher Wein deinen Geschmack trifft?Du m\u00f6chtest verschiedene Weine zu Hause in Ruheprobieren und genie\u00dfen?Du m\u00f6chtest anderen eine Freude bereiten?Mit unserem Weinabonnement hast du die Chance,tolle neue Weine [&hellip;]<\/p>\n","protected":false},"featured_media":36534,"template":"","meta":[],"product_brand":[],"product_cat":[3631,3633],"product_tag":[],"class_list":{"0":"post-36600","1":"product","2":"type-product","3":"status-publish","4":"has-post-thumbnail","6":"product_cat-aktion","7":"product_cat-restposten","9":"first","10":"instock","11":"shipping-taxable","12":"purchasable","13":"product-type-simple"},"_links":{"self":[{"href":"https:\/\/shop-braunwein.de\/index.php?rest_route=\/wp\/v2\/product\/36600","targetHints":{"allow":["GET"]}}],"collection":[{"href":"https:\/\/shop-braunwein.de\/index.php?rest_route=\/wp\/v2\/product"}],"about":[{"href":"https:\/\/shop-braunwein.de\/index.php?rest_route=\/wp\/v2\/types\/product"}],"wp:featuredmedia":[{"embeddable":true,"href":"https:\/\/shop-braunwein.de\/index.php?rest_route=\/wp\/v2\/media\/36534"}],"wp:attachment":[{"href":"https:\/\/shop-braunwein.de\/index.php?rest_route=%2Fwp%2Fv2%2Fmedia&parent=36600"}],"wp:term":[{"taxonomy":"product_brand","embeddable":true,"href":"https:\/\/shop-braunwein.de\/index.php?rest_route=%2Fwp%2Fv2%2Fproduct_brand&post=36600"},{"taxonomy":"product_cat","embeddable":true,"href":"https:\/\/shop-braunwein.de\/index.php?rest_route=%2Fwp%2Fv2%2Fproduct_cat&post=36600"},{"taxonomy":"product_tag","embeddable":true,"href":"https:\/\/shop-braunwein.de\/index.php?rest_route=%2Fwp%2Fv2%2Fproduct_tag&post=36600"}],"curies":[{"name":"wp","href":"https:\/\/api.w.org\/{rel}","templated":true}]}}