{"id":36683,"date":"2022-10-28T20:02:57","date_gmt":"2022-10-28T20:02:57","guid":{"rendered":"https:\/\/shop-braunwein.de\/produkt\/artikel-nr-r172021er-nordheimer-kreuzberg-riesling-auslese-edelsuess-075l\/"},"modified":"2025-06-19T14:51:10","modified_gmt":"2025-06-19T14:51:10","slug":"artikel-nr-r172021er-nordheimer-kreuzberg-riesling-auslese-edelsuess-075l","status":"publish","type":"product","link":"https:\/\/shop-braunwein.de\/?product=artikel-nr-r172021er-nordheimer-kreuzberg-riesling-auslese-edelsuess-075l","title":{"rendered":"<br>Artikel-Nr.: R17<br>2021er Nordheimer Kreuzberg Riesling Auslese  edels\u00fcss 0,75l<br>"},"content":{"rendered":"<p><!-- IBGHTML -->Hoch edle Auslese vom Riesling, bereits die Nase k\u00fcndet von der Grandezza des Weines, feinste Noten von getrockneter Mango und Cavaillon-Melone paaren sich mit sauberen Botrytis-T\u00f6nen, die konzentrierte S\u00fc\u00dfe wird von der lebendigen S\u00e4ure konterkariert, besitzt eine tolle Balance, Feels like Heaven<\/p>\n<table WIDTH=\"60%\" BORDER=\"0\" align=\"left\" CELLPADDING=\"0\" CELLSPACING=\"0\"><\/p>\n<tr>\n<td width=\"53%\">Artikelnummer:<\/td>\n<td width=\"47%\"><strong>R17<\/strong><\/td>\n<\/tr>\n<p><\/p>\n<tr>\n<td>Inhalt<\/td>\n<td><strong>0,75 Ltr.<\/strong><\/td>\n<\/tr>\n<p><\/p>\n<tr>\n<td>Preis\/Ltr.<\/td>\n<td><strong>22,53 EUR pro Ltr.<\/strong><\/td>\n<\/tr>\n<p><\/p>\n<tr>\n<td>Weinart:<\/td>\n<td><strong>Wei\u00dfwein<\/strong><\/td>\n<\/tr>\n<p><\/p>\n<tr>\n<td>Qualit&auml;tsstufe<\/td>\n<td><strong>Auslese<\/strong><\/td>\n<\/tr>\n<p><\/p>\n<tr>\n<td>Rebsorte<\/td>\n<td><strong>Riesling<\/strong><\/td>\n<\/tr>\n<p><\/p>\n<tr>\n<td>Restzuckergehalt<\/td>\n<td><strong><\/strong><\/td>\n<\/tr>\n<p><\/p>\n<tr>\n<td>Alkoholgehalt<\/td>\n<td><strong>12,0 Vol. %<\/strong><\/td>\n<\/tr>\n<p><\/p>\n<tr>\n<td>vegan:<\/td>\n<td><strong>@o<\/strong><\/td>\n<\/tr>\n<p><\/p>\n<tr>\n<td>enth\u00e4lt Allergene:<\/td>\n<td><strong>Sulfite<\/strong><\/td>\n<\/tr>\n<p><\/table>\n","protected":false},"excerpt":{"rendered":"<p>Hoch edle Auslese vom Riesling, bereits die Nase k\u00fcndet von der Grandezza des Weines, feinste Noten von getrockneter Mango und Cavaillon-Melone paaren sich mit sauberen Botrytis-T\u00f6nen, die konzentrierte S\u00fc\u00dfe wird von der lebendigen S\u00e4ure konterkariert, besitzt eine tolle Balance, Feels like Heaven Artikelnummer: R17 Inhalt 0,75 Ltr. Preis\/Ltr. 22,53 EUR pro Ltr. Weinart: Wei\u00dfwein Qualit&auml;tsstufe [&hellip;]<\/p>\n","protected":false},"featured_media":36687,"template":"","meta":[],"product_brand":[],"product_cat":[3622,3618],"product_tag":[],"class_list":{"0":"post-36683","1":"product","2":"type-product","3":"status-publish","4":"has-post-thumbnail","6":"product_cat-klassisches-franken","7":"product_cat-weissweine","9":"first","10":"instock","11":"shipping-taxable","12":"purchasable","13":"product-type-simple"},"_links":{"self":[{"href":"https:\/\/shop-braunwein.de\/index.php?rest_route=\/wp\/v2\/product\/36683","targetHints":{"allow":["GET"]}}],"collection":[{"href":"https:\/\/shop-braunwein.de\/index.php?rest_route=\/wp\/v2\/product"}],"about":[{"href":"https:\/\/shop-braunwein.de\/index.php?rest_route=\/wp\/v2\/types\/product"}],"wp:featuredmedia":[{"embeddable":true,"href":"https:\/\/shop-braunwein.de\/index.php?rest_route=\/wp\/v2\/media\/36687"}],"wp:attachment":[{"href":"https:\/\/shop-braunwein.de\/index.php?rest_route=%2Fwp%2Fv2%2Fmedia&parent=36683"}],"wp:term":[{"taxonomy":"product_brand","embeddable":true,"href":"https:\/\/shop-braunwein.de\/index.php?rest_route=%2Fwp%2Fv2%2Fproduct_brand&post=36683"},{"taxonomy":"product_cat","embeddable":true,"href":"https:\/\/shop-braunwein.de\/index.php?rest_route=%2Fwp%2Fv2%2Fproduct_cat&post=36683"},{"taxonomy":"product_tag","embeddable":true,"href":"https:\/\/shop-braunwein.de\/index.php?rest_route=%2Fwp%2Fv2%2Fproduct_tag&post=36683"}],"curies":[{"name":"wp","href":"https:\/\/api.w.org\/{rel}","templated":true}]}}