{"id":36684,"date":"2022-10-28T20:02:58","date_gmt":"2022-10-28T20:02:58","guid":{"rendered":"https:\/\/shop-braunwein.de\/produkt\/artikel-nr-s122021er-volkacher-ratsherr-silvaner-spaetlese-lieblich-075l\/"},"modified":"2025-06-19T14:51:07","modified_gmt":"2025-06-19T14:51:07","slug":"artikel-nr-s122021er-volkacher-ratsherr-silvaner-spaetlese-lieblich-075l","status":"publish","type":"product","link":"https:\/\/shop-braunwein.de\/?product=artikel-nr-s122021er-volkacher-ratsherr-silvaner-spaetlese-lieblich-075l","title":{"rendered":"<br>Artikel-Nr.: S12<br>2021er Volkacher Ratsherr Silvaner Sp\u00e4tlese  lieblich 0,75l<br>"},"content":{"rendered":"<p><!-- IBGHTML -->Der ideale Wein f\u00fcr Nicht-Trockentrinker, denen eine Auslese wiederum zu s\u00fc\u00df ist, hochreife, gelbfruchtige Aromatik in der Nase (Birne, Mirabelle), am Gaumen tolle, \u00fcberhaupt nicht klebrige S\u00fc\u00dfe, gut balancierter Wein, ideal zur gemischten K\u00e4seplatte<\/p>\n<table WIDTH=\"60%\" BORDER=\"0\" align=\"left\" CELLPADDING=\"0\" CELLSPACING=\"0\"><\/p>\n<tr>\n<td width=\"53%\">Artikelnummer:<\/td>\n<td width=\"47%\"><strong>S12<\/strong><\/td>\n<\/tr>\n<p><\/p>\n<tr>\n<td>Inhalt<\/td>\n<td><strong>0,75 Ltr.<\/strong><\/td>\n<\/tr>\n<p><\/p>\n<tr>\n<td>Preis\/Ltr.<\/td>\n<td><strong>11,87 EUR pro Ltr.<\/strong><\/td>\n<\/tr>\n<p><\/p>\n<tr>\n<td>Weinart:<\/td>\n<td><strong>Wei\u00dfwein<\/strong><\/td>\n<\/tr>\n<p><\/p>\n<tr>\n<td>Qualit&auml;tsstufe<\/td>\n<td><strong>Sp\u00e4tlese<\/strong><\/td>\n<\/tr>\n<p><\/p>\n<tr>\n<td>Rebsorte<\/td>\n<td><strong>Silvaner<\/strong><\/td>\n<\/tr>\n<p><\/p>\n<tr>\n<td>Restzuckergehalt<\/td>\n<td><strong>25,8 g\/Ltr.<\/strong><\/td>\n<\/tr>\n<p><\/p>\n<tr>\n<td>Alkoholgehalt<\/td>\n<td><strong>12,0 Vol. %<\/strong><\/td>\n<\/tr>\n<p><\/p>\n<tr>\n<td>vegan:<\/td>\n<td><strong>@o<\/strong><\/td>\n<\/tr>\n<p><\/p>\n<tr>\n<td>enth\u00e4lt Allergene:<\/td>\n<td><strong>Sulfite<\/strong><\/td>\n<\/tr>\n<p><\/table>\n","protected":false},"excerpt":{"rendered":"<p>Der ideale Wein f\u00fcr Nicht-Trockentrinker, denen eine Auslese wiederum zu s\u00fc\u00df ist, hochreife, gelbfruchtige Aromatik in der Nase (Birne, Mirabelle), am Gaumen tolle, \u00fcberhaupt nicht klebrige S\u00fc\u00dfe, gut balancierter Wein, ideal zur gemischten K\u00e4seplatte Artikelnummer: S12 Inhalt 0,75 Ltr. Preis\/Ltr. 11,87 EUR pro Ltr. Weinart: Wei\u00dfwein Qualit&auml;tsstufe Sp\u00e4tlese Rebsorte Silvaner Restzuckergehalt 25,8 g\/Ltr. Alkoholgehalt 12,0 [&hellip;]<\/p>\n","protected":false},"featured_media":36688,"template":"","meta":[],"product_brand":[],"product_cat":[3622,3618],"product_tag":[],"class_list":{"0":"post-36684","1":"product","2":"type-product","3":"status-publish","4":"has-post-thumbnail","6":"product_cat-klassisches-franken","7":"product_cat-weissweine","9":"first","10":"instock","11":"shipping-taxable","12":"purchasable","13":"product-type-simple"},"_links":{"self":[{"href":"https:\/\/shop-braunwein.de\/index.php?rest_route=\/wp\/v2\/product\/36684","targetHints":{"allow":["GET"]}}],"collection":[{"href":"https:\/\/shop-braunwein.de\/index.php?rest_route=\/wp\/v2\/product"}],"about":[{"href":"https:\/\/shop-braunwein.de\/index.php?rest_route=\/wp\/v2\/types\/product"}],"wp:featuredmedia":[{"embeddable":true,"href":"https:\/\/shop-braunwein.de\/index.php?rest_route=\/wp\/v2\/media\/36688"}],"wp:attachment":[{"href":"https:\/\/shop-braunwein.de\/index.php?rest_route=%2Fwp%2Fv2%2Fmedia&parent=36684"}],"wp:term":[{"taxonomy":"product_brand","embeddable":true,"href":"https:\/\/shop-braunwein.de\/index.php?rest_route=%2Fwp%2Fv2%2Fproduct_brand&post=36684"},{"taxonomy":"product_cat","embeddable":true,"href":"https:\/\/shop-braunwein.de\/index.php?rest_route=%2Fwp%2Fv2%2Fproduct_cat&post=36684"},{"taxonomy":"product_tag","embeddable":true,"href":"https:\/\/shop-braunwein.de\/index.php?rest_route=%2Fwp%2Fv2%2Fproduct_tag&post=36684"}],"curies":[{"name":"wp","href":"https:\/\/api.w.org\/{rel}","templated":true}]}}