{"id":36685,"date":"2022-10-28T20:02:58","date_gmt":"2022-10-28T20:02:58","guid":{"rendered":"https:\/\/shop-braunwein.de\/produkt\/artikel-nr-sch122021er-nordheimer-kreuzberg-schoenburger-spaetlese-feinherb-075l\/"},"modified":"2025-06-19T14:51:09","modified_gmt":"2025-06-19T14:51:09","slug":"artikel-nr-sch122021er-nordheimer-kreuzberg-schoenburger-spaetlese-feinherb-075l","status":"publish","type":"product","link":"https:\/\/shop-braunwein.de\/?product=artikel-nr-sch122021er-nordheimer-kreuzberg-schoenburger-spaetlese-feinherb-075l","title":{"rendered":"<br>Artikel-Nr.: SCH12<br>2021er Nordheimer Kreuzberg Sch\u00f6nburger Sp\u00e4tlese  feinherb 0,75l<br>"},"content":{"rendered":"<p><!-- IBGHTML -->Eine absolute Rarit\u00e4t unter den fr\u00e4nkischen Wei\u00dfweinen, herrlich blumig-duftige Nase mit einem Hauch von Rose und sch\u00f6ner W\u00fcrze, erinnert entfernt sogar etwas an Traminer, harmonisch am Gaumen, von milder S\u00e4ure gepr\u00e4gt, sehr feine Sp\u00e4tlese<\/p>\n<table WIDTH=\"60%\" BORDER=\"0\" align=\"left\" CELLPADDING=\"0\" CELLSPACING=\"0\"><\/p>\n<tr>\n<td width=\"53%\">Artikelnummer:<\/td>\n<td width=\"47%\"><strong>SCH12<\/strong><\/td>\n<\/tr>\n<p><\/p>\n<tr>\n<td>Inhalt<\/td>\n<td><strong>0,75 Ltr.<\/strong><\/td>\n<\/tr>\n<p><\/p>\n<tr>\n<td>Preis\/Ltr.<\/td>\n<td><strong>13,60 EUR pro Ltr.<\/strong><\/td>\n<\/tr>\n<p><\/p>\n<tr>\n<td>Weinart:<\/td>\n<td><strong>Wei\u00dfwein<\/strong><\/td>\n<\/tr>\n<p><\/p>\n<tr>\n<td>Qualit&auml;tsstufe<\/td>\n<td><strong>Sp\u00e4tlese<\/strong><\/td>\n<\/tr>\n<p><\/p>\n<tr>\n<td>Rebsorte<\/td>\n<td><strong>Sch\u00f6nburger<\/strong><\/td>\n<\/tr>\n<p><\/p>\n<tr>\n<td>Restzuckergehalt<\/td>\n<td><strong><\/strong><\/td>\n<\/tr>\n<p><\/p>\n<tr>\n<td>Alkoholgehalt<\/td>\n<td><strong>13,0 Vol. %<\/strong><\/td>\n<\/tr>\n<p><\/p>\n<tr>\n<td>vegan:<\/td>\n<td><strong>@o<\/strong><\/td>\n<\/tr>\n<p><\/p>\n<tr>\n<td>enth\u00e4lt Allergene:<\/td>\n<td><strong>Sulfite<\/strong><\/td>\n<\/tr>\n<p><\/table>\n","protected":false},"excerpt":{"rendered":"<p>Eine absolute Rarit\u00e4t unter den fr\u00e4nkischen Wei\u00dfweinen, herrlich blumig-duftige Nase mit einem Hauch von Rose und sch\u00f6ner W\u00fcrze, erinnert entfernt sogar etwas an Traminer, harmonisch am Gaumen, von milder S\u00e4ure gepr\u00e4gt, sehr feine Sp\u00e4tlese Artikelnummer: SCH12 Inhalt 0,75 Ltr. Preis\/Ltr. 13,60 EUR pro Ltr. Weinart: Wei\u00dfwein Qualit&auml;tsstufe Sp\u00e4tlese Rebsorte Sch\u00f6nburger Restzuckergehalt Alkoholgehalt 13,0 Vol. % [&hellip;]<\/p>\n","protected":false},"featured_media":36737,"template":"","meta":[],"product_brand":[],"product_cat":[3622,3618],"product_tag":[],"class_list":{"0":"post-36685","1":"product","2":"type-product","3":"status-publish","4":"has-post-thumbnail","6":"product_cat-klassisches-franken","7":"product_cat-weissweine","9":"first","10":"instock","11":"shipping-taxable","12":"purchasable","13":"product-type-simple"},"_links":{"self":[{"href":"https:\/\/shop-braunwein.de\/index.php?rest_route=\/wp\/v2\/product\/36685","targetHints":{"allow":["GET"]}}],"collection":[{"href":"https:\/\/shop-braunwein.de\/index.php?rest_route=\/wp\/v2\/product"}],"about":[{"href":"https:\/\/shop-braunwein.de\/index.php?rest_route=\/wp\/v2\/types\/product"}],"wp:featuredmedia":[{"embeddable":true,"href":"https:\/\/shop-braunwein.de\/index.php?rest_route=\/wp\/v2\/media\/36737"}],"wp:attachment":[{"href":"https:\/\/shop-braunwein.de\/index.php?rest_route=%2Fwp%2Fv2%2Fmedia&parent=36685"}],"wp:term":[{"taxonomy":"product_brand","embeddable":true,"href":"https:\/\/shop-braunwein.de\/index.php?rest_route=%2Fwp%2Fv2%2Fproduct_brand&post=36685"},{"taxonomy":"product_cat","embeddable":true,"href":"https:\/\/shop-braunwein.de\/index.php?rest_route=%2Fwp%2Fv2%2Fproduct_cat&post=36685"},{"taxonomy":"product_tag","embeddable":true,"href":"https:\/\/shop-braunwein.de\/index.php?rest_route=%2Fwp%2Fv2%2Fproduct_tag&post=36685"}],"curies":[{"name":"wp","href":"https:\/\/api.w.org\/{rel}","templated":true}]}}