{"id":36948,"date":"2023-07-16T11:45:49","date_gmt":"2023-07-16T11:45:49","guid":{"rendered":"https:\/\/shop-braunwein.de\/produkt\/artikel-nr-m12022er-mueller-thurgau-qualitaetswein-trocken-10l\/"},"modified":"2024-12-23T01:25:20","modified_gmt":"2024-12-23T01:25:20","slug":"artikel-nr-m12022er-mueller-thurgau-qualitaetswein-trocken-10l","status":"publish","type":"product","link":"https:\/\/shop-braunwein.de\/?product=artikel-nr-m12022er-mueller-thurgau-qualitaetswein-trocken-10l","title":{"rendered":"<br>Artikel-Nr.: M1<br>2022er  M\u00fcller-Thurgau Qualit\u00e4tswein  trocken 1,0l<br>"},"content":{"rendered":"<p><!-- IBGHTML --><span style='text-align: left;text-transform: none;text-indent: 0px;letter-spacing: normal;font-family: \"Roboto\",sans-serif;font-size: 18px;font-style: normal;font-variant: normal;font-weight: 400;text-decoration: none;float: none'><span style=\"text-align: left;text-transform: none;text-indent: 0px;letter-spacing: normal;font-family: Roboto, sans-serif;font-size: 18px;font-style: normal;font-weight: 400;float: none\"><font color=\"#000000\" face=\"Times New Roman\" size=\"3\"><strong><span style=\"font-weight: normal\"><font color=\"#000000\" face=\"Times New Roman\" size=\"3\">Aromen vongr\u00fcnem Apfel und knapp reifer Ananas, am Gaumen sch\u00f6n frisch und zitrusfruchtigmit lebhafter S\u00e4ure, sensorisch trocken.<\/font><\/span><\/strong><\/font><\/span><\/span><\/p>\n<table WIDTH=\"60%\" BORDER=\"0\" align=\"left\" CELLPADDING=\"0\" CELLSPACING=\"0\"><\/p>\n<tr>\n<td width=\"53%\">Artikelnummer:<\/td>\n<td width=\"47%\"><strong>M1<\/strong><\/td>\n<\/tr>\n<p><\/p>\n<tr>\n<td>Inhalt<\/td>\n<td><strong>1,0 Ltr.<\/strong><\/td>\n<\/tr>\n<p><\/p>\n<tr>\n<td>Preis\/Ltr.<\/td>\n<td><strong>5,30 EUR pro Ltr.<\/strong><\/td>\n<\/tr>\n<p><\/p>\n<tr>\n<td>Weinart:<\/td>\n<td><strong>Wei\u00dfwein<\/strong><\/td>\n<\/tr>\n<p><\/p>\n<tr>\n<td>Qualit&auml;tsstufe<\/td>\n<td><strong>Qualit\u00e4tswein<\/strong><\/td>\n<\/tr>\n<p><\/p>\n<tr>\n<td>Rebsorte<\/td>\n<td><strong>M\u00fcller-Thurgau<\/strong><\/td>\n<\/tr>\n<p><\/p>\n<tr>\n<td>Restzuckergehalt<\/td>\n<td><strong>4,1 g\/Ltr.<\/strong><\/td>\n<\/tr>\n<p><\/p>\n<tr>\n<td>Alkoholgehalt<\/td>\n<td><strong>12,0 Vol. %<\/strong><\/td>\n<\/tr>\n<p><\/p>\n<tr>\n<td>vegan:<\/td>\n<td><strong>@o<\/strong><\/td>\n<\/tr>\n<p><\/p>\n<tr>\n<td>enth\u00e4lt Allergene:<\/td>\n<td><strong>Sulfite<\/strong><\/td>\n<\/tr>\n<p><\/table>\n","protected":false},"excerpt":{"rendered":"<p>Aromen vongr\u00fcnem Apfel und knapp reifer Ananas, am Gaumen sch\u00f6n frisch und zitrusfruchtigmit lebhafter S\u00e4ure, sensorisch trocken. Artikelnummer: M1 Inhalt 1,0 Ltr. Preis\/Ltr. 5,30 EUR pro Ltr. Weinart: Wei\u00dfwein Qualit&auml;tsstufe Qualit\u00e4tswein Rebsorte M\u00fcller-Thurgau Restzuckergehalt 4,1 g\/Ltr. Alkoholgehalt 12,0 Vol. % vegan: @o enth\u00e4lt Allergene: Sulfite<\/p>\n","protected":false},"featured_media":36510,"template":"","meta":[],"product_brand":[],"product_cat":[3621,3618],"product_tag":[],"class_list":{"0":"post-36948","1":"product","2":"type-product","3":"status-publish","4":"has-post-thumbnail","6":"product_cat-literweine","7":"product_cat-weissweine","9":"first","10":"instock","11":"featured","12":"shipping-taxable","13":"purchasable","14":"product-type-simple"},"_links":{"self":[{"href":"https:\/\/shop-braunwein.de\/index.php?rest_route=\/wp\/v2\/product\/36948","targetHints":{"allow":["GET"]}}],"collection":[{"href":"https:\/\/shop-braunwein.de\/index.php?rest_route=\/wp\/v2\/product"}],"about":[{"href":"https:\/\/shop-braunwein.de\/index.php?rest_route=\/wp\/v2\/types\/product"}],"wp:featuredmedia":[{"embeddable":true,"href":"https:\/\/shop-braunwein.de\/index.php?rest_route=\/wp\/v2\/media\/36510"}],"wp:attachment":[{"href":"https:\/\/shop-braunwein.de\/index.php?rest_route=%2Fwp%2Fv2%2Fmedia&parent=36948"}],"wp:term":[{"taxonomy":"product_brand","embeddable":true,"href":"https:\/\/shop-braunwein.de\/index.php?rest_route=%2Fwp%2Fv2%2Fproduct_brand&post=36948"},{"taxonomy":"product_cat","embeddable":true,"href":"https:\/\/shop-braunwein.de\/index.php?rest_route=%2Fwp%2Fv2%2Fproduct_cat&post=36948"},{"taxonomy":"product_tag","embeddable":true,"href":"https:\/\/shop-braunwein.de\/index.php?rest_route=%2Fwp%2Fv2%2Fproduct_tag&post=36948"}],"curies":[{"name":"wp","href":"https:\/\/api.w.org\/{rel}","templated":true}]}}