{"id":36960,"date":"2023-07-28T16:54:10","date_gmt":"2023-07-28T16:54:10","guid":{"rendered":"https:\/\/shop-braunwein.de\/produkt\/artikel-nr-nullge-nullt-alkoholfreier-wein\/"},"modified":"2025-06-19T14:50:34","modified_gmt":"2025-06-19T14:50:34","slug":"artikel-nr-nullge-nullt-alkoholfreier-wein","status":"publish","type":"product","link":"https:\/\/shop-braunwein.de\/?product=artikel-nr-nullge-nullt-alkoholfreier-wein","title":{"rendered":"<br>Artikel-Nr.: null<br>ge-nullt  alkoholfreier Wein<br>"},"content":{"rendered":"<p><!-- IBGHTML --><span style='font-size: 12pt;font-weight: normal'><\/p>\n<p style=\"margin: 0cm 0cm 8pt\"><font face=\"Aptos\">Ohne Alkohol, aber mit viel Aroma pr\u00e4sentiert sich unser&#8217;Genullt\u201c, bereits die klare, gr\u00fcngelbe Farbe in Verbindung mit der feinenKohlens\u00e4ure macht Lust auf mehr, in der Nase zeigt die Cuv\u00e9e aus den RebsortenSch\u00f6nburger, Bacchus und Scheurebe einen eleganten Rosenduft, der sogar einwenig an Traminer erinnert, am Gaumen folgen Lychee-Noten und eine sch\u00f6neFrische mit leichten Rhabarber- Ankl\u00e4ngen<\/font><\/p>\n<p><\/span><\/p>\n<table WIDTH=\"60%\" BORDER=\"0\" align=\"left\" CELLPADDING=\"0\" CELLSPACING=\"0\"><\/p>\n<tr>\n<td width=\"53%\">Artikelnummer:<\/td>\n<td width=\"47%\"><strong>null<\/strong><\/td>\n<\/tr>\n<p><\/p>\n<tr>\n<td>Inhalt<\/td>\n<td><strong>0,75 Ltr.<\/strong><\/td>\n<\/tr>\n<p><\/p>\n<tr>\n<td>Preis\/Ltr.<\/td>\n<td><strong>9,60 EUR pro Ltr.<\/strong><\/td>\n<\/tr>\n<p><\/p>\n<tr>\n<td>Weinart:<\/td>\n<td><strong><\/strong><\/td>\n<\/tr>\n<p><\/p>\n<tr>\n<td>Qualit&auml;tsstufe<\/td>\n<td><strong><\/strong><\/td>\n<\/tr>\n<p><\/p>\n<tr>\n<td>Rebsorte<\/td>\n<td><strong><\/strong><\/td>\n<\/tr>\n<p><\/p>\n<tr>\n<td>Restzuckergehalt<\/td>\n<td><strong>34,3 g\/Ltr.<\/strong><\/td>\n<\/tr>\n<p><\/p>\n<tr>\n<td>Alkoholgehalt<\/td>\n<td><strong>0,0 Vol. %<\/strong><\/td>\n<\/tr>\n<p><\/p>\n<tr>\n<td>vegan:<\/td>\n<td><strong>@o<\/strong><\/td>\n<\/tr>\n<p><\/p>\n<tr>\n<td>enth\u00e4lt Allergene:<\/td>\n<td><strong>Sulfite<\/strong><\/td>\n<\/tr>\n<p><\/table>\n","protected":false},"excerpt":{"rendered":"<p>Ohne Alkohol, aber mit viel Aroma pr\u00e4sentiert sich unser&#8217;Genullt\u201c, bereits die klare, gr\u00fcngelbe Farbe in Verbindung mit der feinenKohlens\u00e4ure macht Lust auf mehr, in der Nase zeigt die Cuv\u00e9e aus den RebsortenSch\u00f6nburger, Bacchus und Scheurebe einen eleganten Rosenduft, der sogar einwenig an Traminer erinnert, am Gaumen folgen Lychee-Noten und eine sch\u00f6neFrische mit leichten Rhabarber- Ankl\u00e4ngen [&hellip;]<\/p>\n","protected":false},"featured_media":37143,"template":"","meta":[],"product_brand":[],"product_cat":[3631,3633],"product_tag":[],"class_list":{"0":"post-36960","1":"product","2":"type-product","3":"status-publish","4":"has-post-thumbnail","6":"product_cat-aktion","7":"product_cat-restposten","9":"first","10":"instock","11":"featured","12":"shipping-taxable","13":"purchasable","14":"product-type-simple"},"_links":{"self":[{"href":"https:\/\/shop-braunwein.de\/index.php?rest_route=\/wp\/v2\/product\/36960","targetHints":{"allow":["GET"]}}],"collection":[{"href":"https:\/\/shop-braunwein.de\/index.php?rest_route=\/wp\/v2\/product"}],"about":[{"href":"https:\/\/shop-braunwein.de\/index.php?rest_route=\/wp\/v2\/types\/product"}],"wp:featuredmedia":[{"embeddable":true,"href":"https:\/\/shop-braunwein.de\/index.php?rest_route=\/wp\/v2\/media\/37143"}],"wp:attachment":[{"href":"https:\/\/shop-braunwein.de\/index.php?rest_route=%2Fwp%2Fv2%2Fmedia&parent=36960"}],"wp:term":[{"taxonomy":"product_brand","embeddable":true,"href":"https:\/\/shop-braunwein.de\/index.php?rest_route=%2Fwp%2Fv2%2Fproduct_brand&post=36960"},{"taxonomy":"product_cat","embeddable":true,"href":"https:\/\/shop-braunwein.de\/index.php?rest_route=%2Fwp%2Fv2%2Fproduct_cat&post=36960"},{"taxonomy":"product_tag","embeddable":true,"href":"https:\/\/shop-braunwein.de\/index.php?rest_route=%2Fwp%2Fv2%2Fproduct_tag&post=36960"}],"curies":[{"name":"wp","href":"https:\/\/api.w.org\/{rel}","templated":true}]}}