{"id":36963,"date":"2023-07-29T06:48:38","date_gmt":"2023-07-29T06:48:38","guid":{"rendered":"https:\/\/shop-braunwein.de\/produkt\/artikel-nr-k62022er-nordheimer-kreuzberg-kerner-qualitaetswein-feinherb-075l\/"},"modified":"2025-06-20T00:11:52","modified_gmt":"2025-06-20T00:11:52","slug":"artikel-nr-k62022er-nordheimer-kreuzberg-kerner-qualitaetswein-feinherb-075l","status":"publish","type":"product","link":"https:\/\/shop-braunwein.de\/?product=artikel-nr-k62022er-nordheimer-kreuzberg-kerner-qualitaetswein-feinherb-075l","title":{"rendered":"<br>Artikel-Nr.: K6<br>2022er Nordheimer Kreuzberg Kerner Qualit\u00e4tswein  feinherb 0,75l<br>"},"content":{"rendered":"<p><!-- IBGHTML --><span style='font-size: 12pt;font-weight: normal'><span style='font-size: 12pt;font-weight: normal'>In sich ruhend verstr\u00f6mt er in der Nase wohldosiertund mit gro\u00dfer Eleganz seine Aromen, reife Frucht vor allem, welche leicht ins Exotischetendiert, Ankl\u00e4nge von <span>&nbsp;<\/span>Nimm-2-Bonbons,dazu w\u00fcrzige und mineralische Noten, ganz feine und lebendige S\u00e4ure am Gaumen,bleibt lange haften, endet auf Noten von Maracuja<\/span><\/span><\/p>\n<table WIDTH=\"60%\" BORDER=\"0\" align=\"left\" CELLPADDING=\"0\" CELLSPACING=\"0\"><\/p>\n<tr>\n<td width=\"53%\">Artikelnummer:<\/td>\n<td width=\"47%\"><strong>K6<\/strong><\/td>\n<\/tr>\n<p><\/p>\n<tr>\n<td>Inhalt<\/td>\n<td><strong>0,75 Ltr.<\/strong><\/td>\n<\/tr>\n<p><\/p>\n<tr>\n<td>Preis\/Ltr.<\/td>\n<td><strong>9,20 EUR pro Ltr.<\/strong><\/td>\n<\/tr>\n<p><\/p>\n<tr>\n<td>Weinart:<\/td>\n<td><strong>Wei\u00dfwein<\/strong><\/td>\n<\/tr>\n<p><\/p>\n<tr>\n<td>Qualit&auml;tsstufe<\/td>\n<td><strong>Qualit\u00e4tswein<\/strong><\/td>\n<\/tr>\n<p><\/p>\n<tr>\n<td>Rebsorte<\/td>\n<td><strong>Kerner<\/strong><\/td>\n<\/tr>\n<p><\/p>\n<tr>\n<td>Restzuckergehalt<\/td>\n<td><strong>7,3 g\/Ltr.<\/strong><\/td>\n<\/tr>\n<p><\/p>\n<tr>\n<td>Alkoholgehalt<\/td>\n<td><strong>12,0 Vol. %<\/strong><\/td>\n<\/tr>\n<p><\/p>\n<tr>\n<td>vegan:<\/td>\n<td><strong>@o<\/strong><\/td>\n<\/tr>\n<p><\/p>\n<tr>\n<td>enth\u00e4lt Allergene:<\/td>\n<td><strong>Sulfite<\/strong><\/td>\n<\/tr>\n<p><\/table>\n","protected":false},"excerpt":{"rendered":"<p>In sich ruhend verstr\u00f6mt er in der Nase wohldosiertund mit gro\u00dfer Eleganz seine Aromen, reife Frucht vor allem, welche leicht ins Exotischetendiert, Ankl\u00e4nge von &nbsp;Nimm-2-Bonbons,dazu w\u00fcrzige und mineralische Noten, ganz feine und lebendige S\u00e4ure am Gaumen,bleibt lange haften, endet auf Noten von Maracuja Artikelnummer: K6 Inhalt 0,75 Ltr. Preis\/Ltr. 9,20 EUR pro Ltr. Weinart: Wei\u00dfwein [&hellip;]<\/p>\n","protected":false},"featured_media":36692,"template":"","meta":[],"product_brand":[],"product_cat":[3631,3633],"product_tag":[],"class_list":{"0":"post-36963","1":"product","2":"type-product","3":"status-publish","4":"has-post-thumbnail","6":"product_cat-aktion","7":"product_cat-restposten","9":"first","10":"instock","11":"featured","12":"shipping-taxable","13":"purchasable","14":"product-type-simple"},"_links":{"self":[{"href":"https:\/\/shop-braunwein.de\/index.php?rest_route=\/wp\/v2\/product\/36963","targetHints":{"allow":["GET"]}}],"collection":[{"href":"https:\/\/shop-braunwein.de\/index.php?rest_route=\/wp\/v2\/product"}],"about":[{"href":"https:\/\/shop-braunwein.de\/index.php?rest_route=\/wp\/v2\/types\/product"}],"wp:featuredmedia":[{"embeddable":true,"href":"https:\/\/shop-braunwein.de\/index.php?rest_route=\/wp\/v2\/media\/36692"}],"wp:attachment":[{"href":"https:\/\/shop-braunwein.de\/index.php?rest_route=%2Fwp%2Fv2%2Fmedia&parent=36963"}],"wp:term":[{"taxonomy":"product_brand","embeddable":true,"href":"https:\/\/shop-braunwein.de\/index.php?rest_route=%2Fwp%2Fv2%2Fproduct_brand&post=36963"},{"taxonomy":"product_cat","embeddable":true,"href":"https:\/\/shop-braunwein.de\/index.php?rest_route=%2Fwp%2Fv2%2Fproduct_cat&post=36963"},{"taxonomy":"product_tag","embeddable":true,"href":"https:\/\/shop-braunwein.de\/index.php?rest_route=%2Fwp%2Fv2%2Fproduct_tag&post=36963"}],"curies":[{"name":"wp","href":"https:\/\/api.w.org\/{rel}","templated":true}]}}