{"id":36964,"date":"2023-07-29T06:48:40","date_gmt":"2023-07-29T06:48:40","guid":{"rendered":"https:\/\/shop-braunwein.de\/produkt\/artikel-nr-s15silvaner-barriqueausbau-trocken\/"},"modified":"2025-06-19T14:50:41","modified_gmt":"2025-06-19T14:50:41","slug":"artikel-nr-s15silvaner-barriqueausbau-trocken","status":"publish","type":"product","link":"https:\/\/shop-braunwein.de\/?product=artikel-nr-s15silvaner-barriqueausbau-trocken","title":{"rendered":"<br>Artikel-Nr.: S15<br>Silvaner Barriqueausbau trocken<br>"},"content":{"rendered":"<p><!-- IBGHTML --><!-- IBGHTML --><strong><span style=\"font-weight: normal\">Unser &#8218;burgundischer\u201c Silvaner, mit genau der richtigen PortionR\u00f6staromen vom Ausbau im Holzfass, am Gaumen wunderbar buttrig und vanillig,der Wein geht aber dank seiner st\u00fctzenden S\u00e4ure nicht in die Breite, ein vortrefflicherBegleiter f\u00fcr die Festtafel und sonstige Feiertagsgerichte, vorzugsweise zuFisch und Meeresfr\u00fcchten.<\/span><\/strong><\/p>\n<table WIDTH=\"60%\" BORDER=\"0\" align=\"left\" CELLPADDING=\"0\" CELLSPACING=\"0\"><\/p>\n<tr>\n<td width=\"53%\">Artikelnummer:<\/td>\n<td width=\"47%\"><strong>S15<\/strong><\/td>\n<\/tr>\n<p><\/p>\n<tr>\n<td>Inhalt<\/td>\n<td><strong>0,75 Ltr.<\/strong><\/td>\n<\/tr>\n<p><\/p>\n<tr>\n<td>Preis\/Ltr.<\/td>\n<td><strong>15,87 EUR pro Ltr.<\/strong><\/td>\n<\/tr>\n<p><\/p>\n<tr>\n<td>Weinart:<\/td>\n<td><strong>Wei\u00dfwein<\/strong><\/td>\n<\/tr>\n<p><\/p>\n<tr>\n<td>Qualit&auml;tsstufe<\/td>\n<td><strong>Qualit\u00e4tswein<\/strong><\/td>\n<\/tr>\n<p><\/p>\n<tr>\n<td>Rebsorte<\/td>\n<td><strong>Silvaner<\/strong><\/td>\n<\/tr>\n<p><\/p>\n<tr>\n<td>Restzuckergehalt<\/td>\n<td><strong>2,4 g\/Ltr.<\/strong><\/td>\n<\/tr>\n<p><\/p>\n<tr>\n<td>Alkoholgehalt<\/td>\n<td><strong>13,0 Vol. %<\/strong><\/td>\n<\/tr>\n<p><\/p>\n<tr>\n<td>vegan:<\/td>\n<td><strong>@o<\/strong><\/td>\n<\/tr>\n<p><\/p>\n<tr>\n<td>enth\u00e4lt Allergene:<\/td>\n<td><strong>Sulfite<\/strong><\/td>\n<\/tr>\n<p><\/table>\n","protected":false},"excerpt":{"rendered":"<p>Unser &#8218;burgundischer\u201c Silvaner, mit genau der richtigen PortionR\u00f6staromen vom Ausbau im Holzfass, am Gaumen wunderbar buttrig und vanillig,der Wein geht aber dank seiner st\u00fctzenden S\u00e4ure nicht in die Breite, ein vortrefflicherBegleiter f\u00fcr die Festtafel und sonstige Feiertagsgerichte, vorzugsweise zuFisch und Meeresfr\u00fcchten. Artikelnummer: S15 Inhalt 0,75 Ltr. Preis\/Ltr. 15,87 EUR pro Ltr. Weinart: Wei\u00dfwein Qualit&auml;tsstufe Qualit\u00e4tswein [&hellip;]<\/p>\n","protected":false},"featured_media":37139,"template":"","meta":[],"product_brand":[],"product_cat":[3638,3618],"product_tag":[],"class_list":{"0":"post-36964","1":"product","2":"type-product","3":"status-publish","4":"has-post-thumbnail","6":"product_cat-individuen","7":"product_cat-weissweine","9":"first","10":"instock","11":"shipping-taxable","12":"purchasable","13":"product-type-simple"},"_links":{"self":[{"href":"https:\/\/shop-braunwein.de\/index.php?rest_route=\/wp\/v2\/product\/36964","targetHints":{"allow":["GET"]}}],"collection":[{"href":"https:\/\/shop-braunwein.de\/index.php?rest_route=\/wp\/v2\/product"}],"about":[{"href":"https:\/\/shop-braunwein.de\/index.php?rest_route=\/wp\/v2\/types\/product"}],"wp:featuredmedia":[{"embeddable":true,"href":"https:\/\/shop-braunwein.de\/index.php?rest_route=\/wp\/v2\/media\/37139"}],"wp:attachment":[{"href":"https:\/\/shop-braunwein.de\/index.php?rest_route=%2Fwp%2Fv2%2Fmedia&parent=36964"}],"wp:term":[{"taxonomy":"product_brand","embeddable":true,"href":"https:\/\/shop-braunwein.de\/index.php?rest_route=%2Fwp%2Fv2%2Fproduct_brand&post=36964"},{"taxonomy":"product_cat","embeddable":true,"href":"https:\/\/shop-braunwein.de\/index.php?rest_route=%2Fwp%2Fv2%2Fproduct_cat&post=36964"},{"taxonomy":"product_tag","embeddable":true,"href":"https:\/\/shop-braunwein.de\/index.php?rest_route=%2Fwp%2Fv2%2Fproduct_tag&post=36964"}],"curies":[{"name":"wp","href":"https:\/\/api.w.org\/{rel}","templated":true}]}}