{"id":36967,"date":"2023-07-29T06:48:48","date_gmt":"2023-07-29T06:48:48","guid":{"rendered":"https:\/\/shop-braunwein.de\/produkt\/artikel-nr-s62022er-nordheimer-voegelein-silvaner-qualitaetswein-trocken-075l\/"},"modified":"2024-12-31T00:34:52","modified_gmt":"2024-12-31T00:34:52","slug":"artikel-nr-s52022er-nordheimer-voegelein-silvaner-qualitaetswein-trocken-075l","status":"publish","type":"product","link":"https:\/\/shop-braunwein.de\/?product=artikel-nr-s52022er-nordheimer-voegelein-silvaner-qualitaetswein-trocken-075l","title":{"rendered":"<br>Artikel-Nr.: S5<br>2022er Nordheimer V\u00f6gelein Silvaner Qualit\u00e4tswein  trocken 0,75l<br>"},"content":{"rendered":"<p><!-- IBGHTML --><span style='font-size: 12pt;font-weight: normal'><strong><span style=\"font-weight: normal\">Silvaner par excellence, tolle, einschmeichelnde Nase, gelbfruchtige,nicht \u00fcberreife Aromatik nach Birne, unheimlich w\u00fcrzig, mineralisch undbodengepr\u00e4gt durch die Kraft unserer alten, tief wurzelnden Rebst\u00f6cke, amGaumen rund und harmonisch mit Anfl\u00fcgen von wahrer Eleganz, weder schlank nochzu wuchtig, solo oder als <strong><span style=\"font-weight: normal\">Men\u00fcbegleiter, ein typischer Franken-Silvaner.<\/span><\/strong><\/span><\/strong><\/span><\/p>\n<table WIDTH=\"60%\" BORDER=\"0\" align=\"left\" CELLPADDING=\"0\" CELLSPACING=\"0\"><\/p>\n<tr>\n<td width=\"53%\">Artikelnummer:<\/td>\n<td width=\"47%\"><strong>S5<\/strong><\/td>\n<\/tr>\n<p><\/p>\n<tr>\n<td>Inhalt<\/td>\n<td><strong>0,75 Ltr.<\/strong><\/td>\n<\/tr>\n<p><\/p>\n<tr>\n<td>Preis\/Ltr.<\/td>\n<td><strong>9,07 EUR pro Ltr.<\/strong><\/td>\n<\/tr>\n<p><\/p>\n<tr>\n<td>Weinart:<\/td>\n<td><strong>Wei\u00dfwein<\/strong><\/td>\n<\/tr>\n<p><\/p>\n<tr>\n<td>Qualit&auml;tsstufe<\/td>\n<td><strong>Qualit\u00e4tswein<\/strong><\/td>\n<\/tr>\n<p><\/p>\n<tr>\n<td>Rebsorte<\/td>\n<td><strong>Silvaner<\/strong><\/td>\n<\/tr>\n<p><\/p>\n<tr>\n<td>Restzuckergehalt<\/td>\n<td><strong>4,2 g\/Ltr.<\/strong><\/td>\n<\/tr>\n<p><\/p>\n<tr>\n<td>Alkoholgehalt<\/td>\n<td><strong>12,5 Vol. %<\/strong><\/td>\n<\/tr>\n<p><\/p>\n<tr>\n<td>vegan:<\/td>\n<td><strong>@o<\/strong><\/td>\n<\/tr>\n<p><\/p>\n<tr>\n<td>enth\u00e4lt Allergene:<\/td>\n<td><strong>Sulfite<\/strong><\/td>\n<\/tr>\n<p><\/table>\n","protected":false},"excerpt":{"rendered":"<p>Silvaner par excellence, tolle, einschmeichelnde Nase, gelbfruchtige,nicht \u00fcberreife Aromatik nach Birne, unheimlich w\u00fcrzig, mineralisch undbodengepr\u00e4gt durch die Kraft unserer alten, tief wurzelnden Rebst\u00f6cke, amGaumen rund und harmonisch mit Anfl\u00fcgen von wahrer Eleganz, weder schlank nochzu wuchtig, solo oder als Men\u00fcbegleiter, ein typischer Franken-Silvaner. Artikelnummer: S5 Inhalt 0,75 Ltr. Preis\/Ltr. 9,07 EUR pro Ltr. Weinart: Wei\u00dfwein [&hellip;]<\/p>\n","protected":false},"featured_media":36522,"template":"","meta":[],"product_brand":[],"product_cat":[3617,3618],"product_tag":[],"class_list":{"0":"post-36967","1":"product","2":"type-product","3":"status-publish","4":"has-post-thumbnail","6":"product_cat-vielfalt","7":"product_cat-weissweine","9":"first","10":"instock","11":"featured","12":"shipping-taxable","13":"purchasable","14":"product-type-simple"},"_links":{"self":[{"href":"https:\/\/shop-braunwein.de\/index.php?rest_route=\/wp\/v2\/product\/36967","targetHints":{"allow":["GET"]}}],"collection":[{"href":"https:\/\/shop-braunwein.de\/index.php?rest_route=\/wp\/v2\/product"}],"about":[{"href":"https:\/\/shop-braunwein.de\/index.php?rest_route=\/wp\/v2\/types\/product"}],"wp:featuredmedia":[{"embeddable":true,"href":"https:\/\/shop-braunwein.de\/index.php?rest_route=\/wp\/v2\/media\/36522"}],"wp:attachment":[{"href":"https:\/\/shop-braunwein.de\/index.php?rest_route=%2Fwp%2Fv2%2Fmedia&parent=36967"}],"wp:term":[{"taxonomy":"product_brand","embeddable":true,"href":"https:\/\/shop-braunwein.de\/index.php?rest_route=%2Fwp%2Fv2%2Fproduct_brand&post=36967"},{"taxonomy":"product_cat","embeddable":true,"href":"https:\/\/shop-braunwein.de\/index.php?rest_route=%2Fwp%2Fv2%2Fproduct_cat&post=36967"},{"taxonomy":"product_tag","embeddable":true,"href":"https:\/\/shop-braunwein.de\/index.php?rest_route=%2Fwp%2Fv2%2Fproduct_tag&post=36967"}],"curies":[{"name":"wp","href":"https:\/\/api.w.org\/{rel}","templated":true}]}}