{"id":36971,"date":"2023-07-29T06:48:54","date_gmt":"2023-07-29T06:48:54","guid":{"rendered":"https:\/\/shop-braunwein.de\/produkt\/artikel-nr-sch52022er-nordheimer-kreuzberg-schoenburger-qualitaetswein-trocken-075l\/"},"modified":"2025-06-20T00:11:52","modified_gmt":"2025-06-20T00:11:52","slug":"artikel-nr-sch52022er-nordheimer-kreuzberg-schoenburger-qualitaetswein-trocken-075l","status":"publish","type":"product","link":"https:\/\/shop-braunwein.de\/?product=artikel-nr-sch52022er-nordheimer-kreuzberg-schoenburger-qualitaetswein-trocken-075l","title":{"rendered":"<br>Artikel-Nr.: SCH5<br>2022er Nordheimer Kreuzberg Sch\u00f6nburger Qualit\u00e4tswein  trocken 0,75l<br>"},"content":{"rendered":"<p><!-- IBGHTML --><!-- IBGHTML --><strong><span style=\"font-weight: normal\">Sattes Strohgelb im Glas, baut schon in der Nase viel Druck auf, manmerkt die Traminer-Gene in der Kreuzung, extrem tolle Nase mit Noten von Roseund Lychee, aber auch frische Trauben, am Gaumen voller Aroma und mit gro\u00dferIntensit\u00e4t auftrumpfend, trotzdem nicht breit oder erschlagend, milde S\u00e4ure,endet lang auf Noten von Pfirsich, Zitrusfrucht und Gew\u00fcrzen.<\/span><\/strong><\/p>\n<table WIDTH=\"60%\" BORDER=\"0\" align=\"left\" CELLPADDING=\"0\" CELLSPACING=\"0\"><\/p>\n<tr>\n<td width=\"53%\">Artikelnummer:<\/td>\n<td width=\"47%\"><strong>SCH5<\/strong><\/td>\n<\/tr>\n<p><\/p>\n<tr>\n<td>Inhalt<\/td>\n<td><strong>0,75 Ltr.<\/strong><\/td>\n<\/tr>\n<p><\/p>\n<tr>\n<td>Preis\/Ltr.<\/td>\n<td><strong>9,20 EUR pro Ltr.<\/strong><\/td>\n<\/tr>\n<p><\/p>\n<tr>\n<td>Weinart:<\/td>\n<td><strong>Wei\u00dfwein<\/strong><\/td>\n<\/tr>\n<p><\/p>\n<tr>\n<td>Qualit&auml;tsstufe<\/td>\n<td><strong>Qualit\u00e4tswein<\/strong><\/td>\n<\/tr>\n<p><\/p>\n<tr>\n<td>Rebsorte<\/td>\n<td><strong>Sch\u00f6nburger<\/strong><\/td>\n<\/tr>\n<p><\/p>\n<tr>\n<td>Restzuckergehalt<\/td>\n<td><strong>4,9 g\/Ltr.<\/strong><\/td>\n<\/tr>\n<p><\/p>\n<tr>\n<td>Alkoholgehalt<\/td>\n<td><strong>12,0 Vol. %<\/strong><\/td>\n<\/tr>\n<p><\/p>\n<tr>\n<td>vegan:<\/td>\n<td><strong>@o<\/strong><\/td>\n<\/tr>\n<p><\/p>\n<tr>\n<td>enth\u00e4lt Allergene:<\/td>\n<td><strong>Sulfite<\/strong><\/td>\n<\/tr>\n<p><\/table>\n","protected":false},"excerpt":{"rendered":"<p>Sattes Strohgelb im Glas, baut schon in der Nase viel Druck auf, manmerkt die Traminer-Gene in der Kreuzung, extrem tolle Nase mit Noten von Roseund Lychee, aber auch frische Trauben, am Gaumen voller Aroma und mit gro\u00dferIntensit\u00e4t auftrumpfend, trotzdem nicht breit oder erschlagend, milde S\u00e4ure,endet lang auf Noten von Pfirsich, Zitrusfrucht und Gew\u00fcrzen. Artikelnummer: SCH5 [&hellip;]<\/p>\n","protected":false},"featured_media":36520,"template":"","meta":[],"product_brand":[],"product_cat":[3631,3633],"product_tag":[],"class_list":{"0":"post-36971","1":"product","2":"type-product","3":"status-publish","4":"has-post-thumbnail","6":"product_cat-aktion","7":"product_cat-restposten","9":"first","10":"instock","11":"featured","12":"shipping-taxable","13":"purchasable","14":"product-type-simple"},"_links":{"self":[{"href":"https:\/\/shop-braunwein.de\/index.php?rest_route=\/wp\/v2\/product\/36971","targetHints":{"allow":["GET"]}}],"collection":[{"href":"https:\/\/shop-braunwein.de\/index.php?rest_route=\/wp\/v2\/product"}],"about":[{"href":"https:\/\/shop-braunwein.de\/index.php?rest_route=\/wp\/v2\/types\/product"}],"wp:featuredmedia":[{"embeddable":true,"href":"https:\/\/shop-braunwein.de\/index.php?rest_route=\/wp\/v2\/media\/36520"}],"wp:attachment":[{"href":"https:\/\/shop-braunwein.de\/index.php?rest_route=%2Fwp%2Fv2%2Fmedia&parent=36971"}],"wp:term":[{"taxonomy":"product_brand","embeddable":true,"href":"https:\/\/shop-braunwein.de\/index.php?rest_route=%2Fwp%2Fv2%2Fproduct_brand&post=36971"},{"taxonomy":"product_cat","embeddable":true,"href":"https:\/\/shop-braunwein.de\/index.php?rest_route=%2Fwp%2Fv2%2Fproduct_cat&post=36971"},{"taxonomy":"product_tag","embeddable":true,"href":"https:\/\/shop-braunwein.de\/index.php?rest_route=%2Fwp%2Fv2%2Fproduct_tag&post=36971"}],"curies":[{"name":"wp","href":"https:\/\/api.w.org\/{rel}","templated":true}]}}