{"id":37088,"date":"2023-11-14T08:09:11","date_gmt":"2023-11-14T08:09:11","guid":{"rendered":"https:\/\/shop-braunwein.de\/produkt\/artikel-nr-ri122022er-nordheimer-voegelein-rieslaner-spaetlese-lieblich-075l\/"},"modified":"2025-06-19T14:51:06","modified_gmt":"2025-06-19T14:51:06","slug":"artikel-nr-ri122022er-nordheimer-voegelein-rieslaner-spaetlese-lieblich-075l","status":"publish","type":"product","link":"https:\/\/shop-braunwein.de\/?product=artikel-nr-ri122022er-nordheimer-voegelein-rieslaner-spaetlese-lieblich-075l","title":{"rendered":"<br>Artikel-Nr.: ri12<br>2022er Nordheimer V\u00f6gelein Rieslaner Sp\u00e4tlese  lieblich 0,75l<br>"},"content":{"rendered":"<p><!-- IBGHTML --><!-- IBGHTML --><span style='font-size: 12pt;font-weight: normal'>Wunderbar filigrane Sp\u00e4tlese von der fr\u00e4nkischenVorzeige-Rebsorte Rieslaner, leicht exotisch gepr\u00e4gte Nase mit Ankl\u00e4ngen vonMango, am Gaumen straff mit lebendigem S\u00e4urespiel, extrem animierend, dieRests\u00fc\u00dfe wird von der S\u00e4ure fast absorbiert, schmeckt eher halbtrocken,feinherbe Limetten-Note im Nachhall, hat enorm viel Zug am Gaumen.<\/span><\/p>\n<table WIDTH=\"60%\" BORDER=\"0\" align=\"left\" CELLPADDING=\"0\" CELLSPACING=\"0\"><\/p>\n<tr>\n<td width=\"53%\">Artikelnummer:<\/td>\n<td width=\"47%\"><strong>ri12<\/strong><\/td>\n<\/tr>\n<p><\/p>\n<tr>\n<td>Inhalt<\/td>\n<td><strong>0,75 Ltr.<\/strong><\/td>\n<\/tr>\n<p><\/p>\n<tr>\n<td>Preis\/Ltr.<\/td>\n<td><strong>13,20 EUR pro Ltr.<\/strong><\/td>\n<\/tr>\n<p><\/p>\n<tr>\n<td>Weinart:<\/td>\n<td><strong>Wei\u00dfwein<\/strong><\/td>\n<\/tr>\n<p><\/p>\n<tr>\n<td>Qualit&auml;tsstufe<\/td>\n<td><strong>Sp\u00e4tlese<\/strong><\/td>\n<\/tr>\n<p><\/p>\n<tr>\n<td>Rebsorte<\/td>\n<td><strong>Rieslaner<\/strong><\/td>\n<\/tr>\n<p><\/p>\n<tr>\n<td>Restzuckergehalt<\/td>\n<td><strong>19,8 g\/Ltr.<\/strong><\/td>\n<\/tr>\n<p><\/p>\n<tr>\n<td>Alkoholgehalt<\/td>\n<td><strong>12,5 Vol. %<\/strong><\/td>\n<\/tr>\n<p><\/p>\n<tr>\n<td>vegan:<\/td>\n<td><strong>@o<\/strong><\/td>\n<\/tr>\n<p><\/p>\n<tr>\n<td>enth\u00e4lt Allergene:<\/td>\n<td><strong>Sulfite<\/strong><\/td>\n<\/tr>\n<p><\/table>\n","protected":false},"excerpt":{"rendered":"<p>Wunderbar filigrane Sp\u00e4tlese von der fr\u00e4nkischenVorzeige-Rebsorte Rieslaner, leicht exotisch gepr\u00e4gte Nase mit Ankl\u00e4ngen vonMango, am Gaumen straff mit lebendigem S\u00e4urespiel, extrem animierend, dieRests\u00fc\u00dfe wird von der S\u00e4ure fast absorbiert, schmeckt eher halbtrocken,feinherbe Limetten-Note im Nachhall, hat enorm viel Zug am Gaumen. Artikelnummer: ri12 Inhalt 0,75 Ltr. Preis\/Ltr. 13,20 EUR pro Ltr. Weinart: Wei\u00dfwein Qualit&auml;tsstufe Sp\u00e4tlese [&hellip;]<\/p>\n","protected":false},"featured_media":37086,"template":"","meta":[],"product_brand":[],"product_cat":[3622,3618],"product_tag":[],"class_list":{"0":"post-37088","1":"product","2":"type-product","3":"status-publish","4":"has-post-thumbnail","6":"product_cat-klassisches-franken","7":"product_cat-weissweine","9":"first","10":"instock","11":"shipping-taxable","12":"purchasable","13":"product-type-simple"},"_links":{"self":[{"href":"https:\/\/shop-braunwein.de\/index.php?rest_route=\/wp\/v2\/product\/37088","targetHints":{"allow":["GET"]}}],"collection":[{"href":"https:\/\/shop-braunwein.de\/index.php?rest_route=\/wp\/v2\/product"}],"about":[{"href":"https:\/\/shop-braunwein.de\/index.php?rest_route=\/wp\/v2\/types\/product"}],"wp:featuredmedia":[{"embeddable":true,"href":"https:\/\/shop-braunwein.de\/index.php?rest_route=\/wp\/v2\/media\/37086"}],"wp:attachment":[{"href":"https:\/\/shop-braunwein.de\/index.php?rest_route=%2Fwp%2Fv2%2Fmedia&parent=37088"}],"wp:term":[{"taxonomy":"product_brand","embeddable":true,"href":"https:\/\/shop-braunwein.de\/index.php?rest_route=%2Fwp%2Fv2%2Fproduct_brand&post=37088"},{"taxonomy":"product_cat","embeddable":true,"href":"https:\/\/shop-braunwein.de\/index.php?rest_route=%2Fwp%2Fv2%2Fproduct_cat&post=37088"},{"taxonomy":"product_tag","embeddable":true,"href":"https:\/\/shop-braunwein.de\/index.php?rest_route=%2Fwp%2Fv2%2Fproduct_tag&post=37088"}],"curies":[{"name":"wp","href":"https:\/\/api.w.org\/{rel}","templated":true}]}}