{"id":37240,"date":"2024-04-05T10:35:46","date_gmt":"2024-04-05T10:35:46","guid":{"rendered":"https:\/\/shop-braunwein.de\/produkt\/artikel-nr-b12023er-bacchus-qualitaetswein-trocken-10l\/"},"modified":"2025-06-20T00:11:52","modified_gmt":"2025-06-20T00:11:52","slug":"artikel-nr-b12023er-bacchus-qualitaetswein-trocken-10l","status":"publish","type":"product","link":"https:\/\/shop-braunwein.de\/?product=artikel-nr-b12023er-bacchus-qualitaetswein-trocken-10l","title":{"rendered":"<br>Artikel-Nr.: B1<br>2023er  Bacchus Qualit\u00e4tswein  trocken 1,0l<br>"},"content":{"rendered":"<p><!-- IBGHTML -->Fruchtig-w\u00fcrziger Duft in der Nase, ohne aufdringlich zu sein, florale Noten in Richtung Flieder, aber auch eine zarte Lychee-Note pr\u00e4gen das Erscheinungsbild,am Gaumen pr\u00e4sentiert er sich angenehm trocken mit harmonischer S\u00e4ure, ein guter Begleiter zur Asia-K\u00fcche mit leichter Sch\u00e4rfe.<\/p>\n<table WIDTH=\"60%\" BORDER=\"0\" align=\"left\" CELLPADDING=\"0\" CELLSPACING=\"0\"><\/p>\n<tr>\n<td width=\"53%\">Artikelnummer:<\/td>\n<td width=\"47%\"><strong>B1<\/strong><\/td>\n<\/tr>\n<p><\/p>\n<tr>\n<td>Inhalt<\/td>\n<td><strong>1,0 Ltr.<\/strong><\/td>\n<\/tr>\n<p><\/p>\n<tr>\n<td>Preis\/Ltr.<\/td>\n<td><strong>5,70 EUR pro Ltr.<\/strong><\/td>\n<\/tr>\n<p><\/p>\n<tr>\n<td>Weinart:<\/td>\n<td><strong>Wei\u00dfwein<\/strong><\/td>\n<\/tr>\n<p><\/p>\n<tr>\n<td>Qualit&auml;tsstufe<\/td>\n<td><strong>Qualit\u00e4tswein<\/strong><\/td>\n<\/tr>\n<p><\/p>\n<tr>\n<td>Rebsorte<\/td>\n<td><strong>Bacchus<\/strong><\/td>\n<\/tr>\n<p><\/p>\n<tr>\n<td>Restzuckergehalt<\/td>\n<td><strong>7,5 g\/Ltr.<\/strong><\/td>\n<\/tr>\n<p><\/p>\n<tr>\n<td>Alkoholgehalt<\/td>\n<td><strong>11,0 Vol. %<\/strong><\/td>\n<\/tr>\n<p><\/p>\n<tr>\n<td>vegan:<\/td>\n<td><strong>@o<\/strong><\/td>\n<\/tr>\n<p><\/p>\n<tr>\n<td>enth\u00e4lt Allergene:<\/td>\n<td><strong>Sulfite<\/strong><\/td>\n<\/tr>\n<p><\/table>\n","protected":false},"excerpt":{"rendered":"<p>Fruchtig-w\u00fcrziger Duft in der Nase, ohne aufdringlich zu sein, florale Noten in Richtung Flieder, aber auch eine zarte Lychee-Note pr\u00e4gen das Erscheinungsbild,am Gaumen pr\u00e4sentiert er sich angenehm trocken mit harmonischer S\u00e4ure, ein guter Begleiter zur Asia-K\u00fcche mit leichter Sch\u00e4rfe. Artikelnummer: B1 Inhalt 1,0 Ltr. Preis\/Ltr. 5,70 EUR pro Ltr. Weinart: Wei\u00dfwein Qualit&auml;tsstufe Qualit\u00e4tswein Rebsorte Bacchus [&hellip;]<\/p>\n","protected":false},"featured_media":36492,"template":"","meta":[],"product_brand":[],"product_cat":[3621,3618],"product_tag":[],"class_list":{"0":"post-37240","1":"product","2":"type-product","3":"status-publish","4":"has-post-thumbnail","6":"product_cat-literweine","7":"product_cat-weissweine","9":"first","10":"instock","11":"featured","12":"shipping-taxable","13":"purchasable","14":"product-type-simple"},"_links":{"self":[{"href":"https:\/\/shop-braunwein.de\/index.php?rest_route=\/wp\/v2\/product\/37240","targetHints":{"allow":["GET"]}}],"collection":[{"href":"https:\/\/shop-braunwein.de\/index.php?rest_route=\/wp\/v2\/product"}],"about":[{"href":"https:\/\/shop-braunwein.de\/index.php?rest_route=\/wp\/v2\/types\/product"}],"wp:featuredmedia":[{"embeddable":true,"href":"https:\/\/shop-braunwein.de\/index.php?rest_route=\/wp\/v2\/media\/36492"}],"wp:attachment":[{"href":"https:\/\/shop-braunwein.de\/index.php?rest_route=%2Fwp%2Fv2%2Fmedia&parent=37240"}],"wp:term":[{"taxonomy":"product_brand","embeddable":true,"href":"https:\/\/shop-braunwein.de\/index.php?rest_route=%2Fwp%2Fv2%2Fproduct_brand&post=37240"},{"taxonomy":"product_cat","embeddable":true,"href":"https:\/\/shop-braunwein.de\/index.php?rest_route=%2Fwp%2Fv2%2Fproduct_cat&post=37240"},{"taxonomy":"product_tag","embeddable":true,"href":"https:\/\/shop-braunwein.de\/index.php?rest_route=%2Fwp%2Fv2%2Fproduct_tag&post=37240"}],"curies":[{"name":"wp","href":"https:\/\/api.w.org\/{rel}","templated":true}]}}