{"id":37289,"date":"2024-05-24T13:29:29","date_gmt":"2024-05-24T13:29:29","guid":{"rendered":"https:\/\/shop-braunwein.de\/produkt\/artikel-nr-b22023er-bacchus-qualitaetswein-halbtrocken-10l\/"},"modified":"2025-05-13T05:39:35","modified_gmt":"2025-05-13T05:39:35","slug":"artikel-nr-b22023er-bacchus-qualitaetswein-halbtrocken-10l","status":"publish","type":"product","link":"https:\/\/shop-braunwein.de\/?product=artikel-nr-b22023er-bacchus-qualitaetswein-halbtrocken-10l","title":{"rendered":"<br>Artikel-Nr.: B2<br>2024er  Bacchus Qualit\u00e4tswein  halbtrocken 1,0l<br>"},"content":{"rendered":"<p><!-- IBGHTML --><!-- IBGHTML --><span style=\"font-size: 12pt; font-weight: normal;\">Herrlich frisch und floralin der Nase, wie ein morgendlicher Spaziergang \u00fcber eine bl\u00fchende Sommerwiese,eher dezente W\u00fcrze, feine Ankl\u00e4nge von reifer Birne, am Gaumen dann Harmoniepur, die Rests\u00fc\u00dfe tritt nur dezent in Erscheinung und verm\u00e4hlt sich vorbildlichmit der lebendigen S\u00e4ure, feine Eisbonbon-Note im langen Nachhall<\/span><\/p>\n<p>&nbsp;<\/p>\n<table border=\"0\" width=\"60%\" cellspacing=\"0\" cellpadding=\"0\" align=\"left\">\n<tbody>\n<tr>\n<td width=\"53%\">Artikelnummer:<\/td>\n<td width=\"47%\"><strong>B2<\/strong><\/td>\n<\/tr>\n<tr>\n<td>Inhalt<\/td>\n<td><strong>1,0 Ltr.<\/strong><\/td>\n<\/tr>\n<tr>\n<td>Preis\/Ltr.<\/td>\n<td><strong>5,70 EUR pro Ltr.<\/strong><\/td>\n<\/tr>\n<tr>\n<td>Weinart:<\/td>\n<td><strong>Wei\u00dfwein<\/strong><\/td>\n<\/tr>\n<tr>\n<td>Qualit\u00e4tsstufe<\/td>\n<td><strong>Qualit\u00e4tswein<\/strong><\/td>\n<\/tr>\n<tr>\n<td>Rebsorte<\/td>\n<td><strong>Bacchus<\/strong><\/td>\n<\/tr>\n<tr>\n<td>Restzuckergehalt<\/td>\n<td><strong>12,7 g\/Ltr.<\/strong><\/td>\n<\/tr>\n<tr>\n<td>Alkoholgehalt<\/td>\n<td><strong>11,5 Vol. %<\/strong><\/td>\n<\/tr>\n<tr>\n<td>vegan:<\/td>\n<td><strong>@o<\/strong><\/td>\n<\/tr>\n<tr>\n<td>enth\u00e4lt Allergene:<\/td>\n<td><strong>Sulfite<\/strong><\/td>\n<\/tr>\n<\/tbody>\n<\/table>\n","protected":false},"excerpt":{"rendered":"<p>Herrlich frisch und floralin der Nase, wie ein morgendlicher Spaziergang \u00fcber eine bl\u00fchende Sommerwiese,eher dezente W\u00fcrze, feine Ankl\u00e4nge von reifer Birne, am Gaumen dann Harmoniepur, die Rests\u00fc\u00dfe tritt nur dezent in Erscheinung und verm\u00e4hlt sich vorbildlichmit der lebendigen S\u00e4ure, feine Eisbonbon-Note im langen Nachhall &nbsp; Artikelnummer: B2 Inhalt 1,0 Ltr. Preis\/Ltr. 5,70 EUR pro Ltr. [&hellip;]<\/p>\n","protected":false},"featured_media":36491,"template":"","meta":[],"product_brand":[],"product_cat":[3621,3618],"product_tag":[],"class_list":{"0":"post-37289","1":"product","2":"type-product","3":"status-publish","4":"has-post-thumbnail","6":"product_cat-literweine","7":"product_cat-weissweine","9":"first","10":"instock","11":"featured","12":"shipping-taxable","13":"purchasable","14":"product-type-simple"},"_links":{"self":[{"href":"https:\/\/shop-braunwein.de\/index.php?rest_route=\/wp\/v2\/product\/37289","targetHints":{"allow":["GET"]}}],"collection":[{"href":"https:\/\/shop-braunwein.de\/index.php?rest_route=\/wp\/v2\/product"}],"about":[{"href":"https:\/\/shop-braunwein.de\/index.php?rest_route=\/wp\/v2\/types\/product"}],"wp:featuredmedia":[{"embeddable":true,"href":"https:\/\/shop-braunwein.de\/index.php?rest_route=\/wp\/v2\/media\/36491"}],"wp:attachment":[{"href":"https:\/\/shop-braunwein.de\/index.php?rest_route=%2Fwp%2Fv2%2Fmedia&parent=37289"}],"wp:term":[{"taxonomy":"product_brand","embeddable":true,"href":"https:\/\/shop-braunwein.de\/index.php?rest_route=%2Fwp%2Fv2%2Fproduct_brand&post=37289"},{"taxonomy":"product_cat","embeddable":true,"href":"https:\/\/shop-braunwein.de\/index.php?rest_route=%2Fwp%2Fv2%2Fproduct_cat&post=37289"},{"taxonomy":"product_tag","embeddable":true,"href":"https:\/\/shop-braunwein.de\/index.php?rest_route=%2Fwp%2Fv2%2Fproduct_tag&post=37289"}],"curies":[{"name":"wp","href":"https:\/\/api.w.org\/{rel}","templated":true}]}}