{"id":37302,"date":"2024-06-15T06:09:21","date_gmt":"2024-06-15T06:09:21","guid":{"rendered":"https:\/\/shop-braunwein.de\/produkt\/artikel-nr-rt62023er-rotling-qualitaetswein-halbtrocken-075l\/"},"modified":"2025-06-20T00:11:52","modified_gmt":"2025-06-20T00:11:52","slug":"artikel-nr-rt62023er-rotling-qualitaetswein-halbtrocken-075l","status":"publish","type":"product","link":"https:\/\/shop-braunwein.de\/?product=artikel-nr-rt62023er-rotling-qualitaetswein-halbtrocken-075l","title":{"rendered":"<br>Artikel-Nr.: RT6<br>2023er Rotling   Qualit\u00e4tswein  halbtrocken 0,75l<br>"},"content":{"rendered":"<p><!-- IBGHTML -->Von der Farbe her kommt er mit seinem hellen Lachs-Rosa fast schon wie ein Ros\u00e9 aus der Provence ins Glas, im Vergleich mit unserem trockenen Rotling steht hier die Frucht mit Ankl\u00e4ngen von Erdbeere an erster Stelle, aber eher dezent in der Auspr\u00e4gung, tolle S\u00fc\u00dfe-S\u00e4ure-Balance am Gaumen, delikat und feingliedrig im Ansatz, ein eleganter Rotling, ja, so etwas gibt es!<\/p>\n<table WIDTH=\"60%\" BORDER=\"0\" align=\"left\" CELLPADDING=\"0\" CELLSPACING=\"0\"><\/p>\n<tr>\n<td width=\"53%\">Artikelnummer:<\/td>\n<td width=\"47%\"><strong>RT6<\/strong><\/td>\n<\/tr>\n<p><\/p>\n<tr>\n<td>Inhalt<\/td>\n<td><strong>0,75 Ltr.<\/strong><\/td>\n<\/tr>\n<p><\/p>\n<tr>\n<td>Preis\/Ltr.<\/td>\n<td><strong>7,60 EUR pro Ltr.<\/strong><\/td>\n<\/tr>\n<p><\/p>\n<tr>\n<td>Weinart:<\/td>\n<td><strong>Rotling<\/strong><\/td>\n<\/tr>\n<p><\/p>\n<tr>\n<td>Qualit&auml;tsstufe<\/td>\n<td><strong>Qualit\u00e4tswein<\/strong><\/td>\n<\/tr>\n<p><\/p>\n<tr>\n<td>Rebsorte<\/td>\n<td><strong><\/strong><\/td>\n<\/tr>\n<p><\/p>\n<tr>\n<td>Restzuckergehalt<\/td>\n<td><strong><\/strong><\/td>\n<\/tr>\n<p><\/p>\n<tr>\n<td>Alkoholgehalt<\/td>\n<td><strong><\/strong><\/td>\n<\/tr>\n<p><\/p>\n<tr>\n<td>vegan:<\/td>\n<td><strong>@o<\/strong><\/td>\n<\/tr>\n<p><\/p>\n<tr>\n<td>enth\u00e4lt Allergene:<\/td>\n<td><strong>Sulfite<\/strong><\/td>\n<\/tr>\n<p><\/table>\n","protected":false},"excerpt":{"rendered":"<p>Von der Farbe her kommt er mit seinem hellen Lachs-Rosa fast schon wie ein Ros\u00e9 aus der Provence ins Glas, im Vergleich mit unserem trockenen Rotling steht hier die Frucht mit Ankl\u00e4ngen von Erdbeere an erster Stelle, aber eher dezent in der Auspr\u00e4gung, tolle S\u00fc\u00dfe-S\u00e4ure-Balance am Gaumen, delikat und feingliedrig im Ansatz, ein eleganter Rotling, [&hellip;]<\/p>\n","protected":false},"featured_media":36697,"template":"","meta":[],"product_brand":[],"product_cat":[3617,3618],"product_tag":[],"class_list":{"0":"post-37302","1":"product","2":"type-product","3":"status-publish","4":"has-post-thumbnail","6":"product_cat-vielfalt","7":"product_cat-weissweine","9":"first","10":"instock","11":"featured","12":"shipping-taxable","13":"purchasable","14":"product-type-simple"},"_links":{"self":[{"href":"https:\/\/shop-braunwein.de\/index.php?rest_route=\/wp\/v2\/product\/37302","targetHints":{"allow":["GET"]}}],"collection":[{"href":"https:\/\/shop-braunwein.de\/index.php?rest_route=\/wp\/v2\/product"}],"about":[{"href":"https:\/\/shop-braunwein.de\/index.php?rest_route=\/wp\/v2\/types\/product"}],"wp:featuredmedia":[{"embeddable":true,"href":"https:\/\/shop-braunwein.de\/index.php?rest_route=\/wp\/v2\/media\/36697"}],"wp:attachment":[{"href":"https:\/\/shop-braunwein.de\/index.php?rest_route=%2Fwp%2Fv2%2Fmedia&parent=37302"}],"wp:term":[{"taxonomy":"product_brand","embeddable":true,"href":"https:\/\/shop-braunwein.de\/index.php?rest_route=%2Fwp%2Fv2%2Fproduct_brand&post=37302"},{"taxonomy":"product_cat","embeddable":true,"href":"https:\/\/shop-braunwein.de\/index.php?rest_route=%2Fwp%2Fv2%2Fproduct_cat&post=37302"},{"taxonomy":"product_tag","embeddable":true,"href":"https:\/\/shop-braunwein.de\/index.php?rest_route=%2Fwp%2Fv2%2Fproduct_tag&post=37302"}],"curies":[{"name":"wp","href":"https:\/\/api.w.org\/{rel}","templated":true}]}}