{"id":37311,"date":"2024-06-15T06:10:17","date_gmt":"2024-06-15T06:10:17","guid":{"rendered":"https:\/\/shop-braunwein.de\/produkt\/artikel-nr-s12023er-silvaner-qualitaetswein-trocken-10l\/"},"modified":"2025-06-20T00:11:52","modified_gmt":"2025-06-20T00:11:52","slug":"artikel-nr-s12023er-silvaner-qualitaetswein-trocken-10l","status":"publish","type":"product","link":"https:\/\/shop-braunwein.de\/?product=artikel-nr-s12023er-silvaner-qualitaetswein-trocken-10l","title":{"rendered":"<br>Artikel-Nr.: S1<br>2023er  Silvaner Qualit\u00e4tswein  trocken 1,0l<br>"},"content":{"rendered":"<p><!-- IBGHTML -->Viva Silvaner! Kein Edelmann, sondern ein erdig-mineralischer, bodenst\u00e4ndiger Schoppenwein, etwas Birnenfrucht in der Nase, ansonsten viel W\u00fcrze, am Gaumen angenehm trocken mit lebendiger S\u00e4ure und feiner Zitrusnote, im Abgang ganz feine, leicht herbe Ankl\u00e4nge von Nussschale. Wo bleibt die Vesperplatte?<\/p>\n<table WIDTH=\"60%\" BORDER=\"0\" align=\"left\" CELLPADDING=\"0\" CELLSPACING=\"0\"><\/p>\n<tr>\n<td width=\"53%\">Artikelnummer:<\/td>\n<td width=\"47%\"><strong>S1<\/strong><\/td>\n<\/tr>\n<p><\/p>\n<tr>\n<td>Inhalt<\/td>\n<td><strong>1,0 Ltr.<\/strong><\/td>\n<\/tr>\n<p><\/p>\n<tr>\n<td>Preis\/Ltr.<\/td>\n<td><strong>5,70 EUR pro Ltr.<\/strong><\/td>\n<\/tr>\n<p><\/p>\n<tr>\n<td>Weinart:<\/td>\n<td><strong>Wei\u00dfwein<\/strong><\/td>\n<\/tr>\n<p><\/p>\n<tr>\n<td>Qualit&auml;tsstufe<\/td>\n<td><strong>Qualit\u00e4tswein<\/strong><\/td>\n<\/tr>\n<p><\/p>\n<tr>\n<td>Rebsorte<\/td>\n<td><strong>Silvaner<\/strong><\/td>\n<\/tr>\n<p><\/p>\n<tr>\n<td>Restzuckergehalt<\/td>\n<td><strong><\/strong><\/td>\n<\/tr>\n<p><\/p>\n<tr>\n<td>Alkoholgehalt<\/td>\n<td><strong><\/strong><\/td>\n<\/tr>\n<p><\/p>\n<tr>\n<td>vegan:<\/td>\n<td><strong>@o<\/strong><\/td>\n<\/tr>\n<p><\/p>\n<tr>\n<td>enth\u00e4lt Allergene:<\/td>\n<td><strong>Sulfite<\/strong><\/td>\n<\/tr>\n<p><\/table>\n","protected":false},"excerpt":{"rendered":"<p>Viva Silvaner! Kein Edelmann, sondern ein erdig-mineralischer, bodenst\u00e4ndiger Schoppenwein, etwas Birnenfrucht in der Nase, ansonsten viel W\u00fcrze, am Gaumen angenehm trocken mit lebendiger S\u00e4ure und feiner Zitrusnote, im Abgang ganz feine, leicht herbe Ankl\u00e4nge von Nussschale. Wo bleibt die Vesperplatte? Artikelnummer: S1 Inhalt 1,0 Ltr. Preis\/Ltr. 5,70 EUR pro Ltr. Weinart: Wei\u00dfwein Qualit&auml;tsstufe Qualit\u00e4tswein Rebsorte [&hellip;]<\/p>\n","protected":false},"featured_media":36524,"template":"","meta":[],"product_brand":[],"product_cat":[3621,3618],"product_tag":[],"class_list":{"0":"post-37311","1":"product","2":"type-product","3":"status-publish","4":"has-post-thumbnail","6":"product_cat-literweine","7":"product_cat-weissweine","9":"first","10":"instock","11":"featured","12":"shipping-taxable","13":"purchasable","14":"product-type-simple"},"_links":{"self":[{"href":"https:\/\/shop-braunwein.de\/index.php?rest_route=\/wp\/v2\/product\/37311","targetHints":{"allow":["GET"]}}],"collection":[{"href":"https:\/\/shop-braunwein.de\/index.php?rest_route=\/wp\/v2\/product"}],"about":[{"href":"https:\/\/shop-braunwein.de\/index.php?rest_route=\/wp\/v2\/types\/product"}],"wp:featuredmedia":[{"embeddable":true,"href":"https:\/\/shop-braunwein.de\/index.php?rest_route=\/wp\/v2\/media\/36524"}],"wp:attachment":[{"href":"https:\/\/shop-braunwein.de\/index.php?rest_route=%2Fwp%2Fv2%2Fmedia&parent=37311"}],"wp:term":[{"taxonomy":"product_brand","embeddable":true,"href":"https:\/\/shop-braunwein.de\/index.php?rest_route=%2Fwp%2Fv2%2Fproduct_brand&post=37311"},{"taxonomy":"product_cat","embeddable":true,"href":"https:\/\/shop-braunwein.de\/index.php?rest_route=%2Fwp%2Fv2%2Fproduct_cat&post=37311"},{"taxonomy":"product_tag","embeddable":true,"href":"https:\/\/shop-braunwein.de\/index.php?rest_route=%2Fwp%2Fv2%2Fproduct_tag&post=37311"}],"curies":[{"name":"wp","href":"https:\/\/api.w.org\/{rel}","templated":true}]}}