{"id":37484,"date":"2024-11-03T16:01:16","date_gmt":"2024-11-03T16:01:16","guid":{"rendered":"https:\/\/shop-braunwein.de\/produkt\/artikel-nr-so62023er-sommertraum-qualitaetswein-feinherlb-075l\/"},"modified":"2025-06-19T14:50:51","modified_gmt":"2025-06-19T14:50:51","slug":"artikel-nr-so62023er-sommertraum-qualitaetswein-feinherlb-075l","status":"publish","type":"product","link":"https:\/\/shop-braunwein.de\/?product=artikel-nr-so62023er-sommertraum-qualitaetswein-feinherlb-075l","title":{"rendered":"<br>Artikel-Nr.: SO6<br>2023er  Sommertraum Qualit\u00e4tswein  feinherlb 0,75l<br>"},"content":{"rendered":"<table WIDTH=\"60%\" BORDER=\"0\" align=\"left\" CELLPADDING=\"0\" CELLSPACING=\"0\"><\/p>\n<tr>\n<td width=\"53%\">Artikelnummer:<\/td>\n<td width=\"47%\"><strong>SO6<\/strong><\/td>\n<\/tr>\n<p><\/p>\n<tr>\n<td>Inhalt<\/td>\n<td><strong>0,75 Ltr.<\/strong><\/td>\n<\/tr>\n<p><\/p>\n<tr>\n<td>Preis\/Ltr.<\/td>\n<td><strong>7,87 EUR pro Ltr.<\/strong><\/td>\n<\/tr>\n<p><\/p>\n<tr>\n<td>Weinart:<\/td>\n<td><strong>Wei\u00dfwein<\/strong><\/td>\n<\/tr>\n<p><\/p>\n<tr>\n<td>Qualit&auml;tsstufe<\/td>\n<td><strong>Qualit\u00e4tswein<\/strong><\/td>\n<\/tr>\n<p><\/p>\n<tr>\n<td>Rebsorte<\/td>\n<td><strong>Sommertraum<\/strong><\/td>\n<\/tr>\n<p><\/p>\n<tr>\n<td>Restzuckergehalt<\/td>\n<td><strong><\/strong><\/td>\n<\/tr>\n<p><\/p>\n<tr>\n<td>Alkoholgehalt<\/td>\n<td><strong><\/strong><\/td>\n<\/tr>\n<p><\/p>\n<tr>\n<td>vegan:<\/td>\n<td><strong>@o<\/strong><\/td>\n<\/tr>\n<p><\/p>\n<tr>\n<td>enth\u00e4lt Allergene:<\/td>\n<td><strong>Sulfite<\/strong><\/td>\n<\/tr>\n<p><\/table>\n","protected":false},"excerpt":{"rendered":"<p>Artikelnummer: SO6 Inhalt 0,75 Ltr. Preis\/Ltr. 7,87 EUR pro Ltr. Weinart: Wei\u00dfwein Qualit&auml;tsstufe Qualit\u00e4tswein Rebsorte Sommertraum Restzuckergehalt Alkoholgehalt vegan: @o enth\u00e4lt Allergene: Sulfite<\/p>\n","protected":false},"featured_media":36527,"template":"","meta":[],"product_brand":[],"product_cat":[3617,3618],"product_tag":[],"class_list":{"0":"post-37484","1":"product","2":"type-product","3":"status-publish","4":"has-post-thumbnail","6":"product_cat-vielfalt","7":"product_cat-weissweine","9":"first","10":"instock","11":"shipping-taxable","12":"purchasable","13":"product-type-simple"},"_links":{"self":[{"href":"https:\/\/shop-braunwein.de\/index.php?rest_route=\/wp\/v2\/product\/37484","targetHints":{"allow":["GET"]}}],"collection":[{"href":"https:\/\/shop-braunwein.de\/index.php?rest_route=\/wp\/v2\/product"}],"about":[{"href":"https:\/\/shop-braunwein.de\/index.php?rest_route=\/wp\/v2\/types\/product"}],"wp:featuredmedia":[{"embeddable":true,"href":"https:\/\/shop-braunwein.de\/index.php?rest_route=\/wp\/v2\/media\/36527"}],"wp:attachment":[{"href":"https:\/\/shop-braunwein.de\/index.php?rest_route=%2Fwp%2Fv2%2Fmedia&parent=37484"}],"wp:term":[{"taxonomy":"product_brand","embeddable":true,"href":"https:\/\/shop-braunwein.de\/index.php?rest_route=%2Fwp%2Fv2%2Fproduct_brand&post=37484"},{"taxonomy":"product_cat","embeddable":true,"href":"https:\/\/shop-braunwein.de\/index.php?rest_route=%2Fwp%2Fv2%2Fproduct_cat&post=37484"},{"taxonomy":"product_tag","embeddable":true,"href":"https:\/\/shop-braunwein.de\/index.php?rest_route=%2Fwp%2Fv2%2Fproduct_tag&post=37484"}],"curies":[{"name":"wp","href":"https:\/\/api.w.org\/{rel}","templated":true}]}}