{"id":37487,"date":"2024-11-03T16:42:45","date_gmt":"2024-11-03T16:42:45","guid":{"rendered":"https:\/\/shop-braunwein.de\/produkt\/artikel-nr-d112022er-domina-im-barrique-gereift-trocken-075l\/"},"modified":"2025-06-19T14:50:58","modified_gmt":"2025-06-19T14:50:58","slug":"artikel-nr-d112022er-domina-im-barrique-gereift-trocken-075l","status":"publish","type":"product","link":"https:\/\/shop-braunwein.de\/?product=artikel-nr-d112022er-domina-im-barrique-gereift-trocken-075l","title":{"rendered":"<br>Artikel-Nr.: D11<br>2022er  Domina im Barrique gereift  trocken 0,75l<br>"},"content":{"rendered":"<p><!-- IBGHTML -->Wunderbar tiefe, purpurrote Farbe, ein Tropfen zum Kauen, in der Nase dunkle Beerenfrucht mit Ankl\u00e4ngen von Brombeere, daneben vom Ausbau im Holzfass balsamische Noten und ein Anflug von Schokolade, am Gaumen kr\u00e4ftig, fast muskul\u00f6s, die Tannine sind aber feink\u00f6rnig und gut integriert, im Nachhall zeigt unsere Domina eine zarte Lakritznote <\/p>\n<table WIDTH=\"60%\" BORDER=\"0\" align=\"left\" CELLPADDING=\"0\" CELLSPACING=\"0\"><\/p>\n<tr>\n<td width=\"53%\">Artikelnummer:<\/td>\n<td width=\"47%\"><strong>D11<\/strong><\/td>\n<\/tr>\n<p><\/p>\n<tr>\n<td>Inhalt<\/td>\n<td><strong>0,75 Ltr.<\/strong><\/td>\n<\/tr>\n<p><\/p>\n<tr>\n<td>Preis\/Ltr.<\/td>\n<td><strong>11,87 EUR pro Ltr.<\/strong><\/td>\n<\/tr>\n<p><\/p>\n<tr>\n<td>Weinart:<\/td>\n<td><strong>Rotwein<\/strong><\/td>\n<\/tr>\n<p><\/p>\n<tr>\n<td>Qualit&auml;tsstufe<\/td>\n<td><strong>Landwein<\/strong><\/td>\n<\/tr>\n<p><\/p>\n<tr>\n<td>Rebsorte<\/td>\n<td><strong>Domina<\/strong><\/td>\n<\/tr>\n<p><\/p>\n<tr>\n<td>Restzuckergehalt<\/td>\n<td><strong><\/strong><\/td>\n<\/tr>\n<p><\/p>\n<tr>\n<td>Alkoholgehalt<\/td>\n<td><strong><\/strong><\/td>\n<\/tr>\n<p><\/p>\n<tr>\n<td>vegan:<\/td>\n<td><strong>@o<\/strong><\/td>\n<\/tr>\n<p><\/p>\n<tr>\n<td>enth\u00e4lt Allergene:<\/td>\n<td><strong>Sulfite<\/strong><\/td>\n<\/tr>\n<p><\/table>\n","protected":false},"excerpt":{"rendered":"<p>Wunderbar tiefe, purpurrote Farbe, ein Tropfen zum Kauen, in der Nase dunkle Beerenfrucht mit Ankl\u00e4ngen von Brombeere, daneben vom Ausbau im Holzfass balsamische Noten und ein Anflug von Schokolade, am Gaumen kr\u00e4ftig, fast muskul\u00f6s, die Tannine sind aber feink\u00f6rnig und gut integriert, im Nachhall zeigt unsere Domina eine zarte Lakritznote Artikelnummer: D11 Inhalt 0,75 Ltr. [&hellip;]<\/p>\n","protected":false},"featured_media":0,"template":"","meta":[],"product_brand":[],"product_cat":[3624,3623],"product_tag":[],"class_list":{"0":"post-37487","1":"product","2":"type-product","3":"status-publish","5":"product_cat-rotweine","6":"product_cat-trockene-rotweine","8":"first","9":"instock","10":"shipping-taxable","11":"purchasable","12":"product-type-simple"},"_links":{"self":[{"href":"https:\/\/shop-braunwein.de\/index.php?rest_route=\/wp\/v2\/product\/37487","targetHints":{"allow":["GET"]}}],"collection":[{"href":"https:\/\/shop-braunwein.de\/index.php?rest_route=\/wp\/v2\/product"}],"about":[{"href":"https:\/\/shop-braunwein.de\/index.php?rest_route=\/wp\/v2\/types\/product"}],"wp:attachment":[{"href":"https:\/\/shop-braunwein.de\/index.php?rest_route=%2Fwp%2Fv2%2Fmedia&parent=37487"}],"wp:term":[{"taxonomy":"product_brand","embeddable":true,"href":"https:\/\/shop-braunwein.de\/index.php?rest_route=%2Fwp%2Fv2%2Fproduct_brand&post=37487"},{"taxonomy":"product_cat","embeddable":true,"href":"https:\/\/shop-braunwein.de\/index.php?rest_route=%2Fwp%2Fv2%2Fproduct_cat&post=37487"},{"taxonomy":"product_tag","embeddable":true,"href":"https:\/\/shop-braunwein.de\/index.php?rest_route=%2Fwp%2Fv2%2Fproduct_tag&post=37487"}],"curies":[{"name":"wp","href":"https:\/\/api.w.org\/{rel}","templated":true}]}}