{"id":37489,"date":"2024-11-03T16:42:47","date_gmt":"2024-11-03T16:42:47","guid":{"rendered":"https:\/\/shop-braunwein.de\/produkt\/artikel-nr-df62022er-escherndorfer-fuerstenberg-dornfelder-qualitaetswein-feinfruchtig-075l\/"},"modified":"2025-06-19T14:50:59","modified_gmt":"2025-06-19T14:50:59","slug":"artikel-nr-df62022er-escherndorfer-fuerstenberg-dornfelder-qualitaetswein-feinfruchtig-075l","status":"publish","type":"product","link":"https:\/\/shop-braunwein.de\/?product=artikel-nr-df62022er-escherndorfer-fuerstenberg-dornfelder-qualitaetswein-feinfruchtig-075l","title":{"rendered":"<br>Artikel-Nr.: DF6<br>2022er Escherndorfer F\u00fcrstenberg Dornfelder Qualit\u00e4tswein  feinfruchtig 0,75l<br>"},"content":{"rendered":"<p><!-- IBGHTML -->F\u00fcr alle, die keine trockenen Rotweine m\u00f6gen! Die Nase erinnert in ihrem fruchtigen \u00dcberschwang an Kirsch-Lollies, Blaubeere und sogar Ankl\u00e4nge nach Gl\u00fchwein- bonbons vom Weihnachtsmarkt, am Gaumen sorgen die butterweichen Gerbstoffe f\u00fcr einen extra sanften und harmonischen Auftritt, geschmacklich dominiert die Sauerkirsche, aber auch Pflaume kommt durch, herrlich rund und fruchtig<\/p>\n<table WIDTH=\"60%\" BORDER=\"0\" align=\"left\" CELLPADDING=\"0\" CELLSPACING=\"0\"><\/p>\n<tr>\n<td width=\"53%\">Artikelnummer:<\/td>\n<td width=\"47%\"><strong>DF6<\/strong><\/td>\n<\/tr>\n<p><\/p>\n<tr>\n<td>Inhalt<\/td>\n<td><strong>0,75 Ltr.<\/strong><\/td>\n<\/tr>\n<p><\/p>\n<tr>\n<td>Preis\/Ltr.<\/td>\n<td><strong>7,33 EUR pro Ltr.<\/strong><\/td>\n<\/tr>\n<p><\/p>\n<tr>\n<td>Weinart:<\/td>\n<td><strong>Rotwein<\/strong><\/td>\n<\/tr>\n<p><\/p>\n<tr>\n<td>Qualit&auml;tsstufe<\/td>\n<td><strong>Qualit\u00e4tswein<\/strong><\/td>\n<\/tr>\n<p><\/p>\n<tr>\n<td>Rebsorte<\/td>\n<td><strong>Dornfelder<\/strong><\/td>\n<\/tr>\n<p><\/p>\n<tr>\n<td>Restzuckergehalt<\/td>\n<td><strong><\/strong><\/td>\n<\/tr>\n<p><\/p>\n<tr>\n<td>Alkoholgehalt<\/td>\n<td><strong><\/strong><\/td>\n<\/tr>\n<p><\/p>\n<tr>\n<td>vegan:<\/td>\n<td><strong>@o<\/strong><\/td>\n<\/tr>\n<p><\/p>\n<tr>\n<td>enth\u00e4lt Allergene:<\/td>\n<td><strong>Sulfite<\/strong><\/td>\n<\/tr>\n<p><\/table>\n","protected":false},"excerpt":{"rendered":"<p>F\u00fcr alle, die keine trockenen Rotweine m\u00f6gen! Die Nase erinnert in ihrem fruchtigen \u00dcberschwang an Kirsch-Lollies, Blaubeere und sogar Ankl\u00e4nge nach Gl\u00fchwein- bonbons vom Weihnachtsmarkt, am Gaumen sorgen die butterweichen Gerbstoffe f\u00fcr einen extra sanften und harmonischen Auftritt, geschmacklich dominiert die Sauerkirsche, aber auch Pflaume kommt durch, herrlich rund und fruchtig Artikelnummer: DF6 Inhalt 0,75 [&hellip;]<\/p>\n","protected":false},"featured_media":36689,"template":"","meta":[],"product_brand":[],"product_cat":[3625,3624],"product_tag":[],"class_list":{"0":"post-37489","1":"product","2":"type-product","3":"status-publish","4":"has-post-thumbnail","6":"product_cat-halbtrockene-rotweine","7":"product_cat-rotweine","9":"first","10":"instock","11":"shipping-taxable","12":"purchasable","13":"product-type-simple"},"_links":{"self":[{"href":"https:\/\/shop-braunwein.de\/index.php?rest_route=\/wp\/v2\/product\/37489","targetHints":{"allow":["GET"]}}],"collection":[{"href":"https:\/\/shop-braunwein.de\/index.php?rest_route=\/wp\/v2\/product"}],"about":[{"href":"https:\/\/shop-braunwein.de\/index.php?rest_route=\/wp\/v2\/types\/product"}],"wp:featuredmedia":[{"embeddable":true,"href":"https:\/\/shop-braunwein.de\/index.php?rest_route=\/wp\/v2\/media\/36689"}],"wp:attachment":[{"href":"https:\/\/shop-braunwein.de\/index.php?rest_route=%2Fwp%2Fv2%2Fmedia&parent=37489"}],"wp:term":[{"taxonomy":"product_brand","embeddable":true,"href":"https:\/\/shop-braunwein.de\/index.php?rest_route=%2Fwp%2Fv2%2Fproduct_brand&post=37489"},{"taxonomy":"product_cat","embeddable":true,"href":"https:\/\/shop-braunwein.de\/index.php?rest_route=%2Fwp%2Fv2%2Fproduct_cat&post=37489"},{"taxonomy":"product_tag","embeddable":true,"href":"https:\/\/shop-braunwein.de\/index.php?rest_route=%2Fwp%2Fv2%2Fproduct_tag&post=37489"}],"curies":[{"name":"wp","href":"https:\/\/api.w.org\/{rel}","templated":true}]}}