{"id":37490,"date":"2024-11-03T16:42:56","date_gmt":"2024-11-03T16:42:56","guid":{"rendered":"https:\/\/shop-braunwein.de\/produkt\/artikel-nr-ri62023er-nordheimer-voegelein-rieslaner-qualitaetswein-lieblich-075l\/"},"modified":"2025-06-19T14:50:48","modified_gmt":"2025-06-19T14:50:48","slug":"artikel-nr-ri62023er-nordheimer-voegelein-rieslaner-qualitaetswein-lieblich-075l","status":"publish","type":"product","link":"https:\/\/shop-braunwein.de\/?product=artikel-nr-ri62023er-nordheimer-voegelein-rieslaner-qualitaetswein-lieblich-075l","title":{"rendered":"<br>Artikel-Nr.: RI6<br>2023er Nordheimer V\u00f6gelein Rieslaner Qualit\u00e4tswein  lieblich 0,75l<br>"},"content":{"rendered":"<p><!-- IBGHTML -->Rieslaner ist King, auch wenn die Sorte anspruchsvoll im Weinberg ist, so rechtfertigt ein Wein wie dieser jede Anstrengung, wunderbar exotische Nase mit Ankl\u00e4ngen von Mango, auch leicht rauchige Botrytis-Noten sowie Honig- und Rosinent\u00f6ne schwingen mit, am Gaumen begeistert die harmonische, ausgewogene Art, die S\u00e4ure sorgt daf\u00fcr, dass der Wein lebendig \u00fcber die Zunge gleitet und nicht klebrig s\u00fc\u00df schmeckt, eine Offenbarung zu Gorgonzola und Roquefort<\/p>\n<table WIDTH=\"60%\" BORDER=\"0\" align=\"left\" CELLPADDING=\"0\" CELLSPACING=\"0\"><\/p>\n<tr>\n<td width=\"53%\">Artikelnummer:<\/td>\n<td width=\"47%\"><strong>RI6<\/strong><\/td>\n<\/tr>\n<p><\/p>\n<tr>\n<td>Inhalt<\/td>\n<td><strong>0,75 Ltr.<\/strong><\/td>\n<\/tr>\n<p><\/p>\n<tr>\n<td>Preis\/Ltr.<\/td>\n<td><strong>10,53 EUR pro Ltr.<\/strong><\/td>\n<\/tr>\n<p><\/p>\n<tr>\n<td>Weinart:<\/td>\n<td><strong>Wei\u00dfwein<\/strong><\/td>\n<\/tr>\n<p><\/p>\n<tr>\n<td>Qualit&auml;tsstufe<\/td>\n<td><strong>Qualit\u00e4tswein<\/strong><\/td>\n<\/tr>\n<p><\/p>\n<tr>\n<td>Rebsorte<\/td>\n<td><strong>Rieslaner<\/strong><\/td>\n<\/tr>\n<p><\/p>\n<tr>\n<td>Restzuckergehalt<\/td>\n<td><strong><\/strong><\/td>\n<\/tr>\n<p><\/p>\n<tr>\n<td>Alkoholgehalt<\/td>\n<td><strong><\/strong><\/td>\n<\/tr>\n<p><\/p>\n<tr>\n<td>vegan:<\/td>\n<td><strong>@o<\/strong><\/td>\n<\/tr>\n<p><\/p>\n<tr>\n<td>enth\u00e4lt Allergene:<\/td>\n<td><strong>Sulfite<\/strong><\/td>\n<\/tr>\n<p><\/table>\n","protected":false},"excerpt":{"rendered":"<p>Rieslaner ist King, auch wenn die Sorte anspruchsvoll im Weinberg ist, so rechtfertigt ein Wein wie dieser jede Anstrengung, wunderbar exotische Nase mit Ankl\u00e4ngen von Mango, auch leicht rauchige Botrytis-Noten sowie Honig- und Rosinent\u00f6ne schwingen mit, am Gaumen begeistert die harmonische, ausgewogene Art, die S\u00e4ure sorgt daf\u00fcr, dass der Wein lebendig \u00fcber die Zunge gleitet [&hellip;]<\/p>\n","protected":false},"featured_media":0,"template":"","meta":[],"product_brand":[],"product_cat":[3617,3618],"product_tag":[],"class_list":{"0":"post-37490","1":"product","2":"type-product","3":"status-publish","5":"product_cat-vielfalt","6":"product_cat-weissweine","8":"first","9":"instock","10":"shipping-taxable","11":"purchasable","12":"product-type-simple"},"_links":{"self":[{"href":"https:\/\/shop-braunwein.de\/index.php?rest_route=\/wp\/v2\/product\/37490","targetHints":{"allow":["GET"]}}],"collection":[{"href":"https:\/\/shop-braunwein.de\/index.php?rest_route=\/wp\/v2\/product"}],"about":[{"href":"https:\/\/shop-braunwein.de\/index.php?rest_route=\/wp\/v2\/types\/product"}],"wp:attachment":[{"href":"https:\/\/shop-braunwein.de\/index.php?rest_route=%2Fwp%2Fv2%2Fmedia&parent=37490"}],"wp:term":[{"taxonomy":"product_brand","embeddable":true,"href":"https:\/\/shop-braunwein.de\/index.php?rest_route=%2Fwp%2Fv2%2Fproduct_brand&post=37490"},{"taxonomy":"product_cat","embeddable":true,"href":"https:\/\/shop-braunwein.de\/index.php?rest_route=%2Fwp%2Fv2%2Fproduct_cat&post=37490"},{"taxonomy":"product_tag","embeddable":true,"href":"https:\/\/shop-braunwein.de\/index.php?rest_route=%2Fwp%2Fv2%2Fproduct_tag&post=37490"}],"curies":[{"name":"wp","href":"https:\/\/api.w.org\/{rel}","templated":true}]}}